{"id":605,"date":"2020-12-21T11:22:09","date_gmt":"2020-12-21T11:22:09","guid":{"rendered":"https:\/\/www.casaceccatelli.com\/about\/"},"modified":"2022-03-03T01:10:56","modified_gmt":"2022-03-03T01:10:56","slug":"about","status":"publish","type":"page","link":"https:\/\/www.casaceccatelli.com\/it\/about\/","title":{"rendered":"Chi siamo"},"content":{"rendered":"<div>Chi siamo.<\/div>\n<div>\n<p>        <img decoding=\"async\" src=\"\/wp-content\/uploads\/2021\/02\/CasaCeccatelli-PaoloFagotti.png\" alt=\"\"><\/p>\n<h3>Paolo Fagotti davanti alla nostra storica bottega in Piazza Matteotti, Greve in Chianti<\/h3>\n<\/div>\n<h2>Prodotti italiani biologici<\/h2>\n<div>\n<p>Oggi, questa comunit\u00e0 continua con la generazione successiva e si concentra su metodi familiari biologici, non OGM, tecniche alimentari artigianali tradizionali tendenti ad evitare additivi, coloranti e conservanti. Nella bottega troverai un&#8217;ampia selezione di salumi lentamente stagionati, rag\u00fa per pasta fresca,\u00a0 prodotti alimentari per la dispensa, pregiato olio extravergine di oliva e aceto balsamico di Modena invecchiato tutti rigorosamente biologici.<\/p>\n<p>Viaggiamo attraverso il paese alla ricerca del miglior peperoncino calabrese, delle carni di montagna delle colline tra Firenze e Arezzo e puro sale biologico delle miniere vicino al borgo medievale di Volterra, per lavorare con i migliori produttori del mercato gastronomico italiano. Casa Ceccatelli \u00e8 orgogliosa della qualit\u00e0 e della sua comunit\u00e0 avendo sempre avuto radici Toscane profonde e molto connesse che continuano ancora oggi.<\/p>\n<\/div>\n<h2>Le nostre umili origini<\/h2>\n<div>\n<p>Situata nella storica piazza di Greve-in-Chianti, Casa Ceccatelli \u00e8 un affare di famiglia. Cinque generazioni di Toscani hanno continuato a preservare il patrimonio alimentare di questa regione italiana fornendo prodotti gourmet dal 1890. Oggi, dietro al bancone della bottega, troverai Paolo Fagotti che serve con passione alimenti di qualit\u00e0 utilizzando prodotti ruspanti e biologici, lavorando con produttori locali e famiglie contadine per reperire i migliori ingredienti di qualit\u00e0 in tutta Italia, creando prodotti fatti a mano utilizzando autentiche ricette di famiglia e tradizioni artigianali.\u00a0<\/p>\n<p>Avendo ereditato l&#8217;amore della sua famiglia per la regione e la sua cucina dalla madre Gabriella Ceccatelli, che possedeva e gestiva Casa Ceccatelli dopo il nonno, Mario e il bisnonno Domenico per 65 anni, i primi ricordi di Paolo sono di essere circondato dal cibo, dalla famiglia e dalla comunit\u00e0 che Casa Ceccatelli ha creato.<\/p>\n<\/div>\n<ul>\n<li>\n<p>        <img decoding=\"async\" src=\"\/wp-content\/uploads\/2022\/01\/CasaCeccatelli_HistorialPhotographs-5.jpg\" alt=\"\"><\/p>\n<h3>CasaCeccatelli_HistorialPhotographs-5<\/h3>\n<\/li>\n<li>\n<p>        <img decoding=\"async\" src=\"\/wp-content\/uploads\/2022\/01\/CasaCeccatelli_HistorialPhotographs-3.jpeg\" alt=\"\"><\/p>\n<h3>CasaCeccatelli_HistorialPhotographs-3<\/h3>\n<\/li>\n<\/ul>\n<div>\n<p>        <img decoding=\"async\" src=\"\/wp-content\/uploads\/2020\/12\/Maccelleria_Ceccatelli_history-1.png\" alt=\"\"><\/p>\n<h3>Gabriella Ceccatelli matriarca e IV generazione di Casa Ceccatelli<\/h3>\n<\/div>\n<ul>\n<li>\n<p>        <img decoding=\"async\" src=\"\/wp-content\/uploads\/2022\/01\/CasaCeccatelli_HistorialPhotographs-10.jpg\" alt=\"\"><\/p>\n<h3>CasaCeccatelli_HistorialPhotographs-10<\/h3>\n<\/li>\n<li>\n<p>        <img decoding=\"async\" src=\"\/wp-content\/uploads\/2022\/01\/CasaCeccatelli_HistorialPhotographs-4.jpg\" alt=\"\"><\/p>\n<h3>CasaCeccatelli_HistorialPhotographs-4<\/h3>\n<\/li>\n<li>\n<p>        <img decoding=\"async\" src=\"\/wp-content\/uploads\/2022\/01\/Maccelleria_Ceccatelli_history-1.jpg\" alt=\"\"><\/p>\n<h3>CasaCeccatelli_HistorialPhotographs-10<\/h3>\n<\/li>\n<li>\n<p>        <img decoding=\"async\" src=\"\/wp-content\/uploads\/2022\/01\/CasaCeccatelli_HistorialPhotographs-2.jpg\" alt=\"\"><\/p>\n<h3>CasaCeccatelli_HistorialPhotographs-2<\/h3>\n<\/li>\n<li>\n<p>        <img decoding=\"async\" src=\"\/wp-content\/uploads\/2022\/01\/CasaCeccatelli_HistorialPhotographs-6.jpg\" alt=\"\"><\/p>\n<h3>CasaCeccatelli_HistorialPhotographs-6<\/h3>\n<\/li>\n<li>\n<p>        <img decoding=\"async\" src=\"\/wp-content\/uploads\/2022\/01\/CasaCeccatelli_HistorialPhotographs-7.jpg\" alt=\"\"><\/p>\n<h3>CasaCeccatelli_HistorialPhotographs-7<\/h3>\n<\/li>\n<\/ul>\n<h2>La nostra filosofia<\/h2>\n<blockquote>\n<h2>Cibo fatto con passione, dalla fattoria allo scaffale.<\/h2>\n<\/blockquote>\n<h2>&#8211; Il Motto della Famiglia Fagotti<\/h2>\n<p><!-- {\"name\":\"Our Story\",\"type\":\"layout\",\"children\":[{\"name\":\"Page title\",\"type\":\"section\",\"props\":{\"width\":\"large\",\"style\":\"default\",\"image_position\":\"center-right\",\"padding_remove_top\":false,\"animation\":\"fade\",\"image\":\"\",\"image_visibility\":\"m\",\"vertical_align\":\"middle\",\"title_position\":\"top-left\",\"title_rotation\":\"left\",\"title_breakpoint\":\"xl\",\"padding_remove_bottom\":true},\"children\":[{\"name\":\"\",\"type\":\"row\",\"props\":{\"margin\":\"xlarge\"},\"children\":[{\"name\":\"\",\"type\":\"column\",\"props\":{\"image_position\":\"center-center\",\"media_overlay_gradient\":\"\",\"width_medium\":\"1-1\"},\"children\":[{\"name\":\"\",\"type\":\"headline\",\"props\":{\"title_element\":\"div\",\"content\":\"Chi siamo.\",\"title_style\":\"heading-medium\",\"text_align\":\"center\",\"title_font_family\":\"secondary\",\"margin\":\"large\",\"margin_remove_bottom\":true,\"maxwidth\":\"2xlarge\",\"block_align\":\"center\"}}]}]}]},{\"name\":\"History\",\"type\":\"section\",\"props\":{\"width\":\"large\",\"padding\":\"large\",\"style\":\"default\",\"image_position\":\"top-right\",\"padding_remove_top\":false,\"animation\":\"fade\",\"image\":\"\",\"image_fixed\":false,\"vertical_align\":\"middle\",\"title_position\":\"top-left\",\"title_rotation\":\"left\",\"title_breakpoint\":\"xl\"},\"children\":[{\"name\":\"\",\"type\":\"row\",\"props\":{\"layout\":\"1-2,1-2\",\"divider\":false},\"children\":[{\"name\":\"\",\"type\":\"column\",\"props\":{\"image_position\":\"center-center\",\"media_overlay_gradient\":\"\",\"width_small\":\"1-2\",\"width_medium\":\"1-2\"},\"children\":[{\"name\":\"\",\"type\":\"panel\",\"props\":{\"link_text\":\"Read more\",\"title_element\":\"h3\",\"meta_style\":\"meta\",\"meta_align\":\"below-title\",\"image_align\":\"top\",\"image_grid_width\":\"1-2\",\"link_style\":\"default\",\"margin\":\"large\",\"image\":\"wp-content\\\/uploads\\\/2021\\\/02\\\/CasaCeccatelli-PaoloFagotti.png\",\"content\":\"\",\"title\":\"Paolo Fagotti davanti alla nostra storica bottega in Piazza Matteotti, Greve in Chianti\",\"meta\":\"\",\"image_width\":\"610\",\"image_height\":\"814\",\"image_svg_color\":\"emphasis\",\"title_hover_style\":\"reset\",\"title_align\":\"top\",\"title_grid_width\":\"1-2\",\"title_grid_breakpoint\":\"m\",\"image_grid_breakpoint\":\"m\",\"icon_width\":80,\"meta_element\":\"div\",\"content_column_breakpoint\":\"m\",\"title_style\":\"h6\",\"title_font_family\":\"primary\",\"title_color\":\"muted\"}},{\"name\":\"\",\"type\":\"headline\",\"props\":{\"title_element\":\"h2\",\"content\":\"Prodotti italiani biologici\",\"margin\":\"default\",\"margin_remove_bottom\":false,\"title_style\":\"h4\",\"title_font_family\":\"primary\"}},{\"name\":\"\",\"type\":\"text\",\"props\":{\"column_breakpoint\":\"m\",\"margin\":\"default\",\"content\":\"\n\n<p>Oggi, questa comunit\\u00e0 continua con la generazione successiva e si concentra su metodi familiari biologici, non OGM, tecniche alimentari artigianali tradizionali tendenti ad evitare additivi, coloranti e conservanti. Nella bottega troverai un'ampia selezione di salumi lentamente stagionati, rag\\u00fa per pasta fresca,\\u00a0 prodotti alimentari per la dispensa, pregiato olio extravergine di oliva e aceto balsamico di Modena invecchiato tutti rigorosamente biologici.<\\\/p>\\n\n\n<p>Viaggiamo attraverso il paese alla ricerca del miglior peperoncino calabrese, delle carni di montagna delle colline tra Firenze e Arezzo e puro sale biologico delle miniere vicino al borgo medievale di Volterra, per lavorare con i migliori produttori del mercato gastronomico italiano. Casa Ceccatelli \\u00e8 orgogliosa della qualit\\u00e0 e della sua comunit\\u00e0 avendo sempre avuto radici Toscane profonde e molto connesse che continuano ancora oggi.<\\\/p>\"}}]},{\"name\":\"\",\"type\":\"column\",\"props\":{\"image_position\":\"center-center\",\"media_overlay_gradient\":\"\",\"width_small\":\"1-2\",\"width_medium\":\"1-2\"},\"children\":[{\"name\":\"\",\"type\":\"headline\",\"props\":{\"title_element\":\"h2\",\"content\":\"Le nostre umili origini\",\"margin\":\"medium\",\"margin_remove_bottom\":false,\"title_style\":\"h4\",\"title_font_family\":\"primary\"}},{\"name\":\"\",\"type\":\"text\",\"props\":{\"column_breakpoint\":\"m\",\"margin\":\"medium\",\"content\":\"\n\n<p>Situata nella storica piazza di Greve-in-Chianti, Casa Ceccatelli \\u00e8 un affare di famiglia. Cinque generazioni di Toscani hanno continuato a preservare il patrimonio alimentare di questa regione italiana fornendo prodotti gourmet dal 1890. Oggi, dietro al bancone della bottega, troverai Paolo Fagotti che serve con passione alimenti di qualit\\u00e0 utilizzando prodotti ruspanti e biologici, lavorando con produttori locali e famiglie contadine per reperire i migliori ingredienti di qualit\\u00e0 in tutta Italia, creando prodotti fatti a mano utilizzando autentiche ricette di famiglia e tradizioni artigianali.\\u00a0<\\\/p>\\n\n\n<p>Avendo ereditato l'amore della sua famiglia per la regione e la sua cucina dalla madre Gabriella Ceccatelli, che possedeva e gestiva Casa Ceccatelli dopo il nonno, Mario e il bisnonno Domenico per 65 anni, i primi ricordi di Paolo sono di essere circondato dal cibo, dalla famiglia e dalla comunit\\u00e0 che Casa Ceccatelli ha creato.<\\\/p>\",\"dropcap\":false}},{\"type\":\"gallery\",\"props\":{\"show_title\":false,\"show_meta\":false,\"show_content\":true,\"show_link\":false,\"show_hover_image\":false,\"grid_default\":\"1\",\"grid_medium\":\"2\",\"filter_style\":\"tab\",\"filter_all\":true,\"filter_position\":\"top\",\"filter_align\":\"left\",\"filter_grid_width\":\"auto\",\"filter_grid_breakpoint\":\"m\",\"overlay_mode\":\"cover\",\"overlay_hover\":true,\"overlay_style\":\"\",\"text_color\":\"light\",\"overlay_position\":\"center\",\"overlay_transition\":\"fade\",\"title_hover_style\":\"reset\",\"title_element\":\"h3\",\"meta_style\":\"meta\",\"meta_align\":\"below-title\",\"meta_element\":\"div\",\"link_text\":\"Read more\",\"link_style\":\"default\",\"text_align\":\"center\",\"margin\":\"default\",\"item_animation\":\"\",\"image_width\":\"500\",\"image_height\":\"700\",\"grid_small\":\"2\",\"grid_column_gap\":\"small\"},\"children\":[{\"type\":\"gallery_item\",\"props\":{\"title\":\"CasaCeccatelli_HistorialPhotographs-5\",\"image\":\"wp-content\\\/uploads\\\/2022\\\/01\\\/CasaCeccatelli_HistorialPhotographs-5.jpg\"}},{\"type\":\"gallery_item\",\"props\":{\"title\":\"CasaCeccatelli_HistorialPhotographs-3\",\"image\":\"wp-content\\\/uploads\\\/2022\\\/01\\\/CasaCeccatelli_HistorialPhotographs-3.jpeg\"}}]},{\"name\":\"\",\"type\":\"panel\",\"props\":{\"link_text\":\"Read more\",\"title_element\":\"h3\",\"meta_style\":\"meta\",\"meta_align\":\"below-title\",\"image_align\":\"top\",\"image_grid_width\":\"1-2\",\"link_style\":\"default\",\"margin\":\"medium\",\"image\":\"wp-content\\\/uploads\\\/2020\\\/12\\\/Maccelleria_Ceccatelli_history-1.png\",\"content\":\"\",\"title\":\"Gabriella Ceccatelli matriarca e IV generazione di Casa Ceccatelli\",\"meta\":\"\",\"image_width\":\"610\",\"image_height\":\"380\",\"image_svg_color\":\"emphasis\",\"title_hover_style\":\"reset\",\"title_align\":\"top\",\"title_grid_width\":\"1-2\",\"title_grid_breakpoint\":\"m\",\"image_grid_breakpoint\":\"m\",\"icon_width\":80,\"meta_element\":\"div\",\"content_column_breakpoint\":\"m\",\"title_style\":\"h6\",\"title_font_family\":\"primary\",\"title_color\":\"muted\"}}]}]},{\"type\":\"row\",\"children\":[{\"type\":\"column\",\"props\":{\"image_position\":\"center-center\",\"media_overlay_gradient\":\"\"},\"children\":[{\"type\":\"slider\",\"props\":{\"show_title\":false,\"show_meta\":false,\"show_content\":true,\"show_link\":false,\"slider_width\":\"fixed\",\"slider_width_default\":\"1-1\",\"slider_width_medium\":\"1-3\",\"slider_min_height\":300,\"slider_gap\":\"small\",\"slider_autoplay_pause\":true,\"nav\":\"dotnav\",\"nav_align\":\"center\",\"nav_breakpoint\":\"s\",\"slidenav\":\"default\",\"slidenav_margin\":\"medium\",\"slidenav_breakpoint\":\"s\",\"slidenav_outside_breakpoint\":\"xl\",\"overlay_mode\":\"cover\",\"overlay_position\":\"center\",\"overlay_transition\":\"fade\",\"title_hover_style\":\"reset\",\"title_element\":\"h3\",\"meta_style\":\"meta\",\"meta_align\":\"below-title\",\"meta_element\":\"div\",\"link_text\":\"Read more\",\"link_style\":\"default\",\"text_align\":\"center\",\"margin\":\"default\",\"nav_margin\":\"small\",\"overlay_hover\":false,\"image_width\":\"700\",\"image_height\":\"500\"},\"children\":[{\"type\":\"slider_item\",\"props\":{\"title\":\"CasaCeccatelli_HistorialPhotographs-10\",\"image\":\"wp-content\\\/uploads\\\/2022\\\/01\\\/CasaCeccatelli_HistorialPhotographs-10.jpg\"}},{\"type\":\"slider_item\",\"props\":{\"title\":\"CasaCeccatelli_HistorialPhotographs-4\",\"image\":\"wp-content\\\/uploads\\\/2022\\\/01\\\/CasaCeccatelli_HistorialPhotographs-4.jpg\"}},{\"type\":\"slider_item\",\"props\":{\"title\":\"CasaCeccatelli_HistorialPhotographs-10\",\"image\":\"wp-content\\\/uploads\\\/2022\\\/01\\\/Maccelleria_Ceccatelli_history-1.jpg\"}},{\"type\":\"slider_item\",\"props\":{\"title\":\"CasaCeccatelli_HistorialPhotographs-2\",\"image\":\"wp-content\\\/uploads\\\/2022\\\/01\\\/CasaCeccatelli_HistorialPhotographs-2.jpg\"}},{\"type\":\"slider_item\",\"props\":{\"title\":\"CasaCeccatelli_HistorialPhotographs-6\",\"image\":\"wp-content\\\/uploads\\\/2022\\\/01\\\/CasaCeccatelli_HistorialPhotographs-6.jpg\"}},{\"type\":\"slider_item\",\"props\":{\"title\":\"CasaCeccatelli_HistorialPhotographs-7\",\"image\":\"wp-content\\\/uploads\\\/2022\\\/01\\\/CasaCeccatelli_HistorialPhotographs-7.jpg\"}}],\"modified\":\"2022-01-24T22:08:46.103Z\",\"name\":\"Historical Photographs\"}]}]}]},{\"name\":\"Quote\",\"type\":\"section\",\"props\":{\"style\":\"default\",\"width\":\"default\",\"image_position\":\"center-center\",\"image\":\"wp-content\\\/uploads\\\/2020\\\/12\\\/CasaCeccatelli_Salumi-editorial.jpg\",\"image_size\":\"cover\",\"image_fixed\":true,\"padding\":\"large\",\"animation\":\"fade\",\"vertical_align\":\"middle\",\"title_position\":\"top-left\",\"title_rotation\":\"left\",\"title_breakpoint\":\"xl\",\"image_width\":\"1920\",\"image_effect\":\"fixed\"},\"children\":[{\"name\":\"\",\"type\":\"row\",\"props\":{\"layout\":\"1-2,1-2\",\"vertical_align\":true},\"children\":[{\"name\":\"\",\"type\":\"column\",\"props\":{\"image_position\":\"center-center\",\"vertical_align\":\"middle\",\"media_overlay_gradient\":\"\",\"width_medium\":\"1-2\"}},{\"name\":\"\",\"type\":\"column\",\"props\":{\"image_position\":\"center-center\",\"style\":\"default\",\"padding\":\"small\",\"vertical_align\":\"middle\",\"media_overlay_gradient\":\"\",\"width_medium\":\"1-2\"},\"children\":[{\"name\":\"\",\"type\":\"headline\",\"props\":{\"title_element\":\"h2\",\"content\":\"La nostra filosofia\",\"title_style\":\"h6\",\"text_align\":\"center\",\"margin\":\"medium\",\"title_font_family\":\"primary\"}},{\"name\":\"\",\"type\":\"quotation\",\"props\":{\"author\":\"\",\"content\":\"\n\n<h2>Cibo fatto con passione, dalla fattoria allo scaffale.<\\\/h2>\",\"text_align\":\"center\",\"footer\":\"\"}},{\"name\":\"\",\"type\":\"headline\",\"props\":{\"title_element\":\"h2\",\"content\":\"- Il Motto della Famiglia Fagotti\",\"title_style\":\"h6\",\"text_align\":\"center\",\"margin\":\"medium\",\"title_font_family\":\"primary\"}}]}]}]}],\"version\":\"2.3.25\"} --><\/p>\n","protected":false},"excerpt":{"rendered":"<p>Chi siamo. Paolo Fagotti davanti alla nostra storica bottega in Piazza Matteotti, Greve in Chianti Prodotti italiani biologici Oggi, questa comunit\u00e0 continua con la generazione successiva e si concentra su metodi familiari biologici, non OGM, tecniche alimentari artigianali tradizionali tendenti ad evitare additivi, coloranti e conservanti. Nella bottega troverai un&#8217;ampia selezione di salumi lentamente stagionati, [&hellip;]<\/p>\n","protected":false},"author":17,"featured_media":606,"parent":0,"menu_order":0,"comment_status":"closed","ping_status":"closed","template":"","meta":{"footnotes":""},"class_list":["post-605","page","type-page","status-publish","has-post-thumbnail","hentry"],"yoast_head":"<!-- This site is optimized with the Yoast SEO plugin v27.4 - https:\/\/yoast.com\/product\/yoast-seo-wordpress\/ -->\n<title>Casa Ceccatelli - Chi siamo - Since 1890<\/title>\n<meta name=\"description\" content=\"Casa Ceccatelli is a family affair providing gourmet food items using free range and organic produce and best quality ingredients throughout Italy, creating handmade products using authentic family recipes and artisan traditions.\" \/>\n<meta name=\"robots\" content=\"index, follow, max-snippet:-1, max-image-preview:large, max-video-preview:-1\" \/>\n<link rel=\"canonical\" href=\"https:\/\/www.casaceccatelli.com\/it\/about\/\" \/>\n<meta property=\"og:locale\" content=\"it_IT\" \/>\n<meta property=\"og:type\" content=\"article\" \/>\n<meta property=\"og:title\" content=\"Casa Ceccatelli - Chi siamo - Since 1890\" \/>\n<meta property=\"og:description\" content=\"Casa Ceccatelli is a family affair providing gourmet food items using free range and organic produce and best quality ingredients throughout Italy, creating handmade products using authentic family recipes and artisan traditions.\" \/>\n<meta property=\"og:url\" content=\"https:\/\/www.casaceccatelli.com\/it\/about\/\" \/>\n<meta property=\"og:site_name\" content=\"Casa Ceccatelli\" \/>\n<meta property=\"article:modified_time\" content=\"2022-03-03T01:10:56+00:00\" \/>\n<meta property=\"og:image\" content=\"https:\/\/www.casaceccatelli.com\/wp-content\/uploads\/2020\/12\/Paolo_Fagotti_Casa_Ceccatelli.jpg\" \/>\n\t<meta property=\"og:image:width\" content=\"1400\" \/>\n\t<meta property=\"og:image:height\" content=\"933\" \/>\n\t<meta property=\"og:image:type\" content=\"image\/jpeg\" \/>\n<meta name=\"twitter:card\" content=\"summary_large_image\" \/>\n<meta name=\"twitter:label1\" content=\"Tempo di lettura stimato\" \/>\n\t<meta name=\"twitter:data1\" content=\"2 minuti\" \/>\n<script type=\"application\/ld+json\" class=\"yoast-schema-graph\">{\"@context\":\"https:\\\/\\\/schema.org\",\"@graph\":[{\"@type\":\"WebPage\",\"@id\":\"https:\\\/\\\/www.casaceccatelli.com\\\/it\\\/about\\\/\",\"url\":\"https:\\\/\\\/www.casaceccatelli.com\\\/it\\\/about\\\/\",\"name\":\"Casa Ceccatelli - Chi siamo - Since 1890\",\"isPartOf\":{\"@id\":\"https:\\\/\\\/www.casaceccatelli.com\\\/#website\"},\"primaryImageOfPage\":{\"@id\":\"https:\\\/\\\/www.casaceccatelli.com\\\/it\\\/about\\\/#primaryimage\"},\"image\":{\"@id\":\"https:\\\/\\\/www.casaceccatelli.com\\\/it\\\/about\\\/#primaryimage\"},\"thumbnailUrl\":\"https:\\\/\\\/www.casaceccatelli.com\\\/wp-content\\\/uploads\\\/2020\\\/12\\\/Paolo_Fagotti_Casa_Ceccatelli.jpg\",\"datePublished\":\"2020-12-21T11:22:09+00:00\",\"dateModified\":\"2022-03-03T01:10:56+00:00\",\"description\":\"Casa Ceccatelli is a family affair providing gourmet food items using free range and organic produce and best quality ingredients throughout Italy, creating handmade products using authentic family recipes and artisan traditions.\",\"breadcrumb\":{\"@id\":\"https:\\\/\\\/www.casaceccatelli.com\\\/it\\\/about\\\/#breadcrumb\"},\"inLanguage\":\"it-IT\",\"potentialAction\":[{\"@type\":\"ReadAction\",\"target\":[\"https:\\\/\\\/www.casaceccatelli.com\\\/it\\\/about\\\/\"]}]},{\"@type\":\"ImageObject\",\"inLanguage\":\"it-IT\",\"@id\":\"https:\\\/\\\/www.casaceccatelli.com\\\/it\\\/about\\\/#primaryimage\",\"url\":\"https:\\\/\\\/www.casaceccatelli.com\\\/wp-content\\\/uploads\\\/2020\\\/12\\\/Paolo_Fagotti_Casa_Ceccatelli.jpg\",\"contentUrl\":\"https:\\\/\\\/www.casaceccatelli.com\\\/wp-content\\\/uploads\\\/2020\\\/12\\\/Paolo_Fagotti_Casa_Ceccatelli.jpg\",\"width\":1400,\"height\":933},{\"@type\":\"BreadcrumbList\",\"@id\":\"https:\\\/\\\/www.casaceccatelli.com\\\/it\\\/about\\\/#breadcrumb\",\"itemListElement\":[{\"@type\":\"ListItem\",\"position\":1,\"name\":\"Home\",\"item\":\"https:\\\/\\\/www.casaceccatelli.com\\\/it\\\/\"},{\"@type\":\"ListItem\",\"position\":2,\"name\":\"Chi siamo\"}]},{\"@type\":\"WebSite\",\"@id\":\"https:\\\/\\\/www.casaceccatelli.com\\\/#website\",\"url\":\"https:\\\/\\\/www.casaceccatelli.com\\\/\",\"name\":\"Casa Ceccatelli\",\"description\":\"Food made with passion, from farm to shelf.\",\"publisher\":{\"@id\":\"https:\\\/\\\/www.casaceccatelli.com\\\/#organization\"},\"potentialAction\":[{\"@type\":\"SearchAction\",\"target\":{\"@type\":\"EntryPoint\",\"urlTemplate\":\"https:\\\/\\\/www.casaceccatelli.com\\\/?s={search_term_string}\"},\"query-input\":{\"@type\":\"PropertyValueSpecification\",\"valueRequired\":true,\"valueName\":\"search_term_string\"}}],\"inLanguage\":\"it-IT\"},{\"@type\":\"Organization\",\"@id\":\"https:\\\/\\\/www.casaceccatelli.com\\\/#organization\",\"name\":\"Casa Ceccatelli\",\"url\":\"https:\\\/\\\/www.casaceccatelli.com\\\/\",\"logo\":{\"@type\":\"ImageObject\",\"inLanguage\":\"it-IT\",\"@id\":\"https:\\\/\\\/www.casaceccatelli.com\\\/#\\\/schema\\\/logo\\\/image\\\/\",\"url\":\"https:\\\/\\\/www.casaceccatelli.com\\\/wp-content\\\/uploads\\\/2020\\\/12\\\/Casa_Ceccatelli_logo.png\",\"contentUrl\":\"https:\\\/\\\/www.casaceccatelli.com\\\/wp-content\\\/uploads\\\/2020\\\/12\\\/Casa_Ceccatelli_logo.png\",\"width\":600,\"height\":490,\"caption\":\"Casa Ceccatelli\"},\"image\":{\"@id\":\"https:\\\/\\\/www.casaceccatelli.com\\\/#\\\/schema\\\/logo\\\/image\\\/\"}}]}<\/script>\n<!-- \/ Yoast SEO plugin. -->","yoast_head_json":{"title":"Casa Ceccatelli - Chi siamo - Since 1890","description":"Casa Ceccatelli is a family affair providing gourmet food items using free range and organic produce and best quality ingredients throughout Italy, creating handmade products using authentic family recipes and artisan traditions.","robots":{"index":"index","follow":"follow","max-snippet":"max-snippet:-1","max-image-preview":"max-image-preview:large","max-video-preview":"max-video-preview:-1"},"canonical":"https:\/\/www.casaceccatelli.com\/it\/about\/","og_locale":"it_IT","og_type":"article","og_title":"Casa Ceccatelli - Chi siamo - Since 1890","og_description":"Casa Ceccatelli is a family affair providing gourmet food items using free range and organic produce and best quality ingredients throughout Italy, creating handmade products using authentic family recipes and artisan traditions.","og_url":"https:\/\/www.casaceccatelli.com\/it\/about\/","og_site_name":"Casa Ceccatelli","article_modified_time":"2022-03-03T01:10:56+00:00","og_image":[{"width":1400,"height":933,"url":"https:\/\/www.casaceccatelli.com\/wp-content\/uploads\/2020\/12\/Paolo_Fagotti_Casa_Ceccatelli.jpg","type":"image\/jpeg"}],"twitter_card":"summary_large_image","twitter_misc":{"Tempo di lettura stimato":"2 minuti"},"schema":{"@context":"https:\/\/schema.org","@graph":[{"@type":"WebPage","@id":"https:\/\/www.casaceccatelli.com\/it\/about\/","url":"https:\/\/www.casaceccatelli.com\/it\/about\/","name":"Casa Ceccatelli - Chi siamo - Since 1890","isPartOf":{"@id":"https:\/\/www.casaceccatelli.com\/#website"},"primaryImageOfPage":{"@id":"https:\/\/www.casaceccatelli.com\/it\/about\/#primaryimage"},"image":{"@id":"https:\/\/www.casaceccatelli.com\/it\/about\/#primaryimage"},"thumbnailUrl":"https:\/\/www.casaceccatelli.com\/wp-content\/uploads\/2020\/12\/Paolo_Fagotti_Casa_Ceccatelli.jpg","datePublished":"2020-12-21T11:22:09+00:00","dateModified":"2022-03-03T01:10:56+00:00","description":"Casa Ceccatelli is a family affair providing gourmet food items using free range and organic produce and best quality ingredients throughout Italy, creating handmade products using authentic family recipes and artisan traditions.","breadcrumb":{"@id":"https:\/\/www.casaceccatelli.com\/it\/about\/#breadcrumb"},"inLanguage":"it-IT","potentialAction":[{"@type":"ReadAction","target":["https:\/\/www.casaceccatelli.com\/it\/about\/"]}]},{"@type":"ImageObject","inLanguage":"it-IT","@id":"https:\/\/www.casaceccatelli.com\/it\/about\/#primaryimage","url":"https:\/\/www.casaceccatelli.com\/wp-content\/uploads\/2020\/12\/Paolo_Fagotti_Casa_Ceccatelli.jpg","contentUrl":"https:\/\/www.casaceccatelli.com\/wp-content\/uploads\/2020\/12\/Paolo_Fagotti_Casa_Ceccatelli.jpg","width":1400,"height":933},{"@type":"BreadcrumbList","@id":"https:\/\/www.casaceccatelli.com\/it\/about\/#breadcrumb","itemListElement":[{"@type":"ListItem","position":1,"name":"Home","item":"https:\/\/www.casaceccatelli.com\/it\/"},{"@type":"ListItem","position":2,"name":"Chi siamo"}]},{"@type":"WebSite","@id":"https:\/\/www.casaceccatelli.com\/#website","url":"https:\/\/www.casaceccatelli.com\/","name":"Casa Ceccatelli","description":"Food made with passion, from farm to shelf.","publisher":{"@id":"https:\/\/www.casaceccatelli.com\/#organization"},"potentialAction":[{"@type":"SearchAction","target":{"@type":"EntryPoint","urlTemplate":"https:\/\/www.casaceccatelli.com\/?s={search_term_string}"},"query-input":{"@type":"PropertyValueSpecification","valueRequired":true,"valueName":"search_term_string"}}],"inLanguage":"it-IT"},{"@type":"Organization","@id":"https:\/\/www.casaceccatelli.com\/#organization","name":"Casa Ceccatelli","url":"https:\/\/www.casaceccatelli.com\/","logo":{"@type":"ImageObject","inLanguage":"it-IT","@id":"https:\/\/www.casaceccatelli.com\/#\/schema\/logo\/image\/","url":"https:\/\/www.casaceccatelli.com\/wp-content\/uploads\/2020\/12\/Casa_Ceccatelli_logo.png","contentUrl":"https:\/\/www.casaceccatelli.com\/wp-content\/uploads\/2020\/12\/Casa_Ceccatelli_logo.png","width":600,"height":490,"caption":"Casa Ceccatelli"},"image":{"@id":"https:\/\/www.casaceccatelli.com\/#\/schema\/logo\/image\/"}}]}},"_links":{"self":[{"href":"https:\/\/www.casaceccatelli.com\/it\/wp-json\/wp\/v2\/pages\/605","targetHints":{"allow":["GET"]}}],"collection":[{"href":"https:\/\/www.casaceccatelli.com\/it\/wp-json\/wp\/v2\/pages"}],"about":[{"href":"https:\/\/www.casaceccatelli.com\/it\/wp-json\/wp\/v2\/types\/page"}],"author":[{"embeddable":true,"href":"https:\/\/www.casaceccatelli.com\/it\/wp-json\/wp\/v2\/users\/17"}],"replies":[{"embeddable":true,"href":"https:\/\/www.casaceccatelli.com\/it\/wp-json\/wp\/v2\/comments?post=605"}],"version-history":[{"count":0,"href":"https:\/\/www.casaceccatelli.com\/it\/wp-json\/wp\/v2\/pages\/605\/revisions"}],"wp:featuredmedia":[{"embeddable":true,"href":"https:\/\/www.casaceccatelli.com\/it\/wp-json\/wp\/v2\/media\/606"}],"wp:attachment":[{"href":"https:\/\/www.casaceccatelli.com\/it\/wp-json\/wp\/v2\/media?parent=605"}],"curies":[{"name":"wp","href":"https:\/\/api.w.org\/{rel}","templated":true}]}}