{"id":615,"date":"2021-01-22T11:10:40","date_gmt":"2021-01-22T11:10:40","guid":{"rendered":"https:\/\/www.casaceccatelli.com\/shipping-purchases\/"},"modified":"2021-02-04T08:32:20","modified_gmt":"2021-02-04T08:32:20","slug":"shipping-purchases","status":"publish","type":"page","link":"https:\/\/www.casaceccatelli.com\/it\/shipping-purchases\/","title":{"rendered":"Shipping &#038; Purchases"},"content":{"rendered":"<h1><strong>Spedizioni e Acquisti.<\/strong><\/h1>\n<h1><strong>POLITICA DI SPEDIZIONE<\/strong><\/h1>\n<h1>\n<p>MACELLERIA\u00a0<\/p>\n<\/h1>\n<div>\n<p><strong>Ritiro presso il negozio<\/strong><\/p>\n<p>Puoi evitare le spese di spedizione con il ritiro gratuito presso il nostro negozio in Piazza Matteotti, 45 &#8211; Greve in Chianti. Dopo aver effettuato l&#8217;ordine e selezionato il ritiro in negozio, l&#8217;ordine sar\u00e0 preparato e pronto per il ritiro entro uno o tre giorni lavorativi a seconda degli articoli. Ti invieremo un&#8217;e-mail quando il tuo ordine sar\u00e0 pronto insieme alle istruzioni.<\/p>\n<p>Il nostro orario di ritiro in negozio \u00e8 dalle 8:30 alle 13:30 dal luned\u00ec al sabato. La domenica siamo CHIUSI. Si prega di avere con s\u00e9 l&#8217;e-mail di conferma dell&#8217;ordine quando si arriva.<\/p>\n<p>Offriamo il ritiro preso il nostro negozio, oltre alla consegna gratuita all\u2019interno di Firenze per tutti gli ordini superiori a 100 euro, nel rispetto del rigido protocollo di sicurezza. Per ordini inferiori a 100 euro, offriamo una tariffa di consegna forfettaria di 15 euro. Tutte le consegne vengono effettuate al vostro indirizzo nei nostri furgoni refrigerati, per garantire gli stesi standard del negozio.<\/p>\n<p><strong>Spedizioni Italia e EU<\/strong><\/p>\n<p>Le nostre carni vengono spedite fresche, mai congelate, in confezioni sottovuoto. Il tuo ordine con articoli deperibili sar\u00e0 confezionato a mano in una scatola termica in polistirolo con pacchi di ghiaccio congelati. (Non usiamo ghiaccio secco.) Successivamente viene quindi messo in una scatola di cartone ondulato. I nostri prodotti sono imballati per resistere almeno a 48 ore di spedizione non refrigerata.Per programmare il tuo ordine, o per richiedere informazioni sulla consegna al di fuori dell&#8217;area di Firenze e del Chianti, ti basta collegarti con noi tramite email a\u00a0<a href=\"mailto:info@casaceccatelli.com\">info@casaceccatelli.com<\/a>\u00a0o telefonicamente al +39393 9030663<\/p>\n<\/div>\n<h1><strong>PRODOTTI ARTIGIANALI GOURMET <\/strong><\/h1>\n<div>\n<p><strong>Spedizione in Italia e nell&#8217; EU<\/strong><\/p>\n<p>Le spese di spedizione per il tuo ordine verranno calcolate e visualizzate al momento del pagamento. Stimare il tempo di consegna in 5-7 giorni lavorativi . Corriere privato: servizio door-to-door, consegnato in sicurezza a casa tua.<\/p>\n<p><strong>Come posso controllare lo stato del mio ordine?\u00a0<\/strong><\/p>\n<p>Quando il tuo ordine \u00e8 stato spedito, riceverai una nostra email di notifica, che includer\u00e0 un numero di tracciabilit\u00e0 che puoi utilizzare per verificarne lo stato. Si prega di attendere 48 \u00a0ore affinch\u00e9 le informazioni di monitoraggio siano disponibili.\u00a0<\/p>\n<p>Se non hai ricevuto il tuo ordine entro 1 giorno (Italia ed Europa) e 3 giorni (Internazionale) dalla ricezione dell&#8217;e-mail di conferma della spedizione, contattaci all&#8217;indirizzo\u00a0<a href=\"mailto:info@casaceccatelli.com\">info@casaceccatelli.com<\/a>\u00a0con il tuo nome e numero d&#8217;ordine, e noi controlleremo per te.<\/p>\n<\/div>\n<hr>\n<h1>\n<p><strong>POLITICA DI RIMBORSO\u00a0<\/strong><\/p>\n<\/h1>\n<div>\n<p><strong>Rimborsi, resi e cambi\u00a0<\/strong><\/p>\n<p>Se ricevi un prodotto che non \u00e8 all&#8217;altezza della qualit\u00e0 che ti aspetti, faccelo sapere e ti rimborseremo il prezzo di acquisto di quel prodotto o lo sostituiremo con lo stesso prodotto.<\/p>\n<p>Per avviare una procedura di rimborso, puoi contattarci a\u00a0<a href=\"mailto:info@casaceccatelli.com\">info@casaceccatelli.com<\/a>\u00a0o chiamarci +39393 9030663.\u00a0<\/p>\n<p><strong>Danni e problemi<\/strong>\u00a0<\/p>\n<p>Ti preghiamo di controllare il tuo ordine al ricevimento e di contattarci immediatamente se l&#8217;articolo fosse difettoso, danneggiato o semplicemente sbagliato; inviando anche una foto delle condizioni dell&#8217;articolo. Affrontiamo questi situazioni caso per caso, ma faremo del nostro meglio per lavorare verso una soluzione soddisfacente al fine di valutare il problema e risolverlo.<\/p>\n<p>Accettiamo resi fino a 1 giorno dopo la consegna, se l&#8217;articolo \u00e8 inutilizzato e le sue condizioni originali, \u00a0rimborseremo l&#8217;intero importo dell&#8217;ordine meno le spese di spedizione per la restituzione.<\/p>\n<\/div>\n<p><!-- {\"name\":\"Policy Pages\",\"type\":\"layout\",\"children\":[{\"type\":\"section\",\"props\":{\"style\":\"default\",\"width\":\"default\",\"vertical_align\":\"middle\",\"title_position\":\"top-left\",\"title_rotation\":\"left\",\"title_breakpoint\":\"xl\",\"image_position\":\"center-center\"},\"children\":[{\"type\":\"row\",\"children\":[{\"type\":\"column\",\"props\":{\"image_position\":\"center-center\",\"media_overlay_gradient\":\"\"},\"children\":[{\"type\":\"headline\",\"props\":{\"title_element\":\"h1\",\"content\":\"<strong>Spedizioni e Acquisti.<\\\/strong>\",\"title_font_family\":\"secondary\",\"title_color\":\"primary\",\"title_style\":\"heading-small\",\"text_align\":\"center\"}}]}]}]},{\"type\":\"section\",\"props\":{\"style\":\"default\",\"width\":\"default\",\"vertical_align\":\"middle\",\"title_position\":\"top-left\",\"title_rotation\":\"left\",\"title_breakpoint\":\"xl\",\"image_position\":\"center-center\",\"padding\":\"small\"},\"children\":[{\"type\":\"row\",\"children\":[{\"type\":\"column\",\"props\":{\"image_position\":\"center-center\",\"media_overlay_gradient\":\"\"},\"children\":[{\"type\":\"headline\",\"props\":{\"title_element\":\"h1\",\"content\":\"<strong>POLITICA DI SPEDIZIONE<\\\/strong>\",\"title_font_family\":\"secondary\",\"title_style\":\"h5\",\"text_align\":\"left\"}},{\"type\":\"headline\",\"props\":{\"title_element\":\"h1\",\"content\":\"\n\n<p>MACELLERIA\\u00a0<\\\/p>\",\"title_font_family\":\"primary\",\"title_style\":\"h3\",\"text_align\":\"left\"}},{\"type\":\"text\",\"props\":{\"margin\":\"default\",\"column_breakpoint\":\"m\",\"content\":\"\n\n<p><strong>Ritiro presso il negozio<\\\/strong><\\\/p>\\n\n\n<p>Puoi evitare le spese di spedizione con il ritiro gratuito presso il nostro negozio in Piazza Matteotti, 45 - Greve in Chianti. Dopo aver effettuato l'ordine e selezionato il ritiro in negozio, l'ordine sar\\u00e0 preparato e pronto per il ritiro entro uno o tre giorni lavorativi a seconda degli articoli. Ti invieremo un'e-mail quando il tuo ordine sar\\u00e0 pronto insieme alle istruzioni.<br \\\/><br \\\/>Il nostro orario di ritiro in negozio \\u00e8 dalle 8:30 alle 13:30 dal luned\\u00ec al sabato. La domenica siamo CHIUSI. Si prega di avere con s\\u00e9 l'e-mail di conferma dell'ordine quando si arriva.<\\\/p>\\n\n\n<p>Offriamo il ritiro preso il nostro negozio, oltre alla consegna gratuita all\\u2019interno di Firenze per tutti gli ordini superiori a 100 euro, nel rispetto del rigido protocollo di sicurezza. Per ordini inferiori a 100 euro, offriamo una tariffa di consegna forfettaria di 15 euro. Tutte le consegne vengono effettuate al vostro indirizzo nei nostri furgoni refrigerati, per garantire gli stesi standard del negozio.<\\\/p>\\n\n\n<p><strong>Spedizioni Italia e EU<\\\/strong><\\\/p>\\n\n\n<p>Le nostre carni vengono spedite fresche, mai congelate, in confezioni sottovuoto. Il tuo ordine con articoli deperibili sar\\u00e0 confezionato a mano in una scatola termica in polistirolo con pacchi di ghiaccio congelati. (Non usiamo ghiaccio secco.) Successivamente viene quindi messo in una scatola di cartone ondulato. I nostri prodotti sono imballati per resistere almeno a 48 ore di spedizione non refrigerata.Per programmare il tuo ordine, o per richiedere informazioni sulla consegna al di fuori dell'area di Firenze e del Chianti, ti basta collegarti con noi tramite email a\\u00a0<a href=\\\"mailto:info@casaceccatelli.com\\\">info@casaceccatelli.com<\\\/a>\\u00a0o telefonicamente al +39393 9030663<\\\/p>\"}},{\"type\":\"headline\",\"props\":{\"title_element\":\"h1\",\"content\":\"<strong>PRODOTTI ARTIGIANALI GOURMET <\\\/strong>\",\"title_font_family\":\"primary\",\"title_style\":\"h3\",\"text_align\":\"left\"}},{\"type\":\"text\",\"props\":{\"margin\":\"default\",\"column_breakpoint\":\"m\",\"content\":\"\n\n<p><strong>Spedizione in Italia e nell' EU<\\\/strong><\\\/p>\\n\n\n<p>Le spese di spedizione per il tuo ordine verranno calcolate e visualizzate al momento del pagamento. Stimare il tempo di consegna in 5-7 giorni lavorativi . Corriere privato: servizio door-to-door, consegnato in sicurezza a casa tua.<\\\/p>\\n\n\n<p><strong>Come posso controllare lo stato del mio ordine?\\u00a0<\\\/strong><\\\/p>\\n\n\n<p>Quando il tuo ordine \\u00e8 stato spedito, riceverai una nostra email di notifica, che includer\\u00e0 un numero di tracciabilit\\u00e0 che puoi utilizzare per verificarne lo stato. Si prega di attendere 48 \\u00a0ore affinch\\u00e9 le informazioni di monitoraggio siano disponibili.\\u00a0<\\\/p>\\n\n\n<p>Se non hai ricevuto il tuo ordine entro 1 giorno (Italia ed Europa) e 3 giorni (Internazionale) dalla ricezione dell'e-mail di conferma della spedizione, contattaci all'indirizzo\\u00a0<a href=\\\"mailto:info@casaceccatelli.com\\\">info@casaceccatelli.com<\\\/a>\\u00a0con il tuo nome e numero d'ordine, e noi controlleremo per te.<\\\/p>\"}},{\"type\":\"divider\",\"props\":{\"divider_element\":\"hr\"}},{\"type\":\"headline\",\"props\":{\"title_element\":\"h1\",\"content\":\"\n\n<p><strong>POLITICA DI RIMBORSO\\u00a0<\\\/strong><\\\/p>\",\"title_font_family\":\"secondary\",\"title_style\":\"h5\",\"text_align\":\"left\"}},{\"type\":\"text\",\"props\":{\"margin\":\"default\",\"column_breakpoint\":\"m\",\"content\":\"\n\n<p><strong>Rimborsi, resi e cambi\\u00a0<\\\/strong><\\\/p>\\n\n\n<p>Se ricevi un prodotto che non \\u00e8 all'altezza della qualit\\u00e0 che ti aspetti, faccelo sapere e ti rimborseremo il prezzo di acquisto di quel prodotto o lo sostituiremo con lo stesso prodotto.<br \\\/><br \\\/>Per avviare una procedura di rimborso, puoi contattarci a\\u00a0<a href=\\\"mailto:info@casaceccatelli.com\\\">info@casaceccatelli.com<\\\/a>\\u00a0o chiamarci +39393 9030663.\\u00a0<\\\/p>\\n\n\n<p><strong>Danni e problemi<\\\/strong>\\u00a0<\\\/p>\\n\n\n<p>Ti preghiamo di controllare il tuo ordine al ricevimento e di contattarci immediatamente se l'articolo fosse difettoso, danneggiato o semplicemente sbagliato; inviando anche una foto delle condizioni dell'articolo. Affrontiamo questi situazioni caso per caso, ma faremo del nostro meglio per lavorare verso una soluzione soddisfacente al fine di valutare il problema e risolverlo.<\\\/p>\\n\n\n<p>Accettiamo resi fino a 1 giorno dopo la consegna, se l'articolo \\u00e8 inutilizzato e le sue condizioni originali, \\u00a0rimborseremo l'intero importo dell'ordine meno le spese di spedizione per la restituzione.<\\\/p>\"}}]}]}]}],\"version\":\"2.3.25\"} --><\/p>\n","protected":false},"excerpt":{"rendered":"<p>Spedizioni e Acquisti. POLITICA DI SPEDIZIONE MACELLERIA\u00a0 Ritiro presso il negozio Puoi evitare le spese di spedizione con il ritiro gratuito presso il nostro negozio in Piazza Matteotti, 45 &#8211; Greve in Chianti. Dopo aver effettuato l&#8217;ordine e selezionato il ritiro in negozio, l&#8217;ordine sar\u00e0 preparato e pronto per il ritiro entro uno o tre [&hellip;]<\/p>\n","protected":false},"author":2,"featured_media":616,"parent":0,"menu_order":0,"comment_status":"closed","ping_status":"closed","template":"","meta":{"footnotes":""},"class_list":["post-615","page","type-page","status-publish","has-post-thumbnail","hentry"],"yoast_head":"<!-- This site is optimized with the Yoast SEO plugin v27.4 - https:\/\/yoast.com\/product\/yoast-seo-wordpress\/ -->\n<title>Casa Ceccatelli - Shipping &amp; Purchases - Since 1890<\/title>\n<meta name=\"description\" content=\"Casa Ceccatelli is a family affair providing gourmet food items using free range and organic produce and best quality ingredients throughout Italy, creating handmade products using authentic family recipes and artisan traditions.\" \/>\n<meta name=\"robots\" content=\"index, follow, max-snippet:-1, max-image-preview:large, max-video-preview:-1\" \/>\n<link rel=\"canonical\" href=\"https:\/\/www.casaceccatelli.com\/it\/shipping-purchases\/\" \/>\n<meta property=\"og:locale\" content=\"it_IT\" \/>\n<meta property=\"og:type\" content=\"article\" \/>\n<meta property=\"og:title\" content=\"Casa Ceccatelli - Shipping &amp; Purchases - Since 1890\" \/>\n<meta property=\"og:description\" content=\"Casa Ceccatelli is a family affair providing gourmet food items using free range and organic produce and best quality ingredients throughout Italy, creating handmade products using authentic family recipes and artisan traditions.\" \/>\n<meta property=\"og:url\" content=\"https:\/\/www.casaceccatelli.com\/it\/shipping-purchases\/\" \/>\n<meta property=\"og:site_name\" content=\"Casa Ceccatelli\" \/>\n<meta property=\"article:modified_time\" content=\"2021-02-04T08:32:20+00:00\" \/>\n<meta property=\"og:image\" content=\"https:\/\/www.casaceccatelli.com\/wp-content\/uploads\/2021\/01\/GiftSet.png\" \/>\n\t<meta property=\"og:image:width\" content=\"1500\" \/>\n\t<meta property=\"og:image:height\" content=\"1500\" \/>\n\t<meta property=\"og:image:type\" content=\"image\/png\" \/>\n<meta name=\"twitter:card\" content=\"summary_large_image\" \/>\n<meta name=\"twitter:label1\" content=\"Tempo di lettura stimato\" \/>\n\t<meta name=\"twitter:data1\" content=\"3 minuti\" \/>\n<script type=\"application\/ld+json\" class=\"yoast-schema-graph\">{\"@context\":\"https:\\\/\\\/schema.org\",\"@graph\":[{\"@type\":\"WebPage\",\"@id\":\"https:\\\/\\\/www.casaceccatelli.com\\\/it\\\/shipping-purchases\\\/\",\"url\":\"https:\\\/\\\/www.casaceccatelli.com\\\/it\\\/shipping-purchases\\\/\",\"name\":\"Casa Ceccatelli - Shipping & Purchases - Since 1890\",\"isPartOf\":{\"@id\":\"https:\\\/\\\/www.casaceccatelli.com\\\/#website\"},\"primaryImageOfPage\":{\"@id\":\"https:\\\/\\\/www.casaceccatelli.com\\\/it\\\/shipping-purchases\\\/#primaryimage\"},\"image\":{\"@id\":\"https:\\\/\\\/www.casaceccatelli.com\\\/it\\\/shipping-purchases\\\/#primaryimage\"},\"thumbnailUrl\":\"https:\\\/\\\/www.casaceccatelli.com\\\/wp-content\\\/uploads\\\/2021\\\/01\\\/GiftSet.png\",\"datePublished\":\"2021-01-22T11:10:40+00:00\",\"dateModified\":\"2021-02-04T08:32:20+00:00\",\"description\":\"Casa Ceccatelli is a family affair providing gourmet food items using free range and organic produce and best quality ingredients throughout Italy, creating handmade products using authentic family recipes and artisan traditions.\",\"breadcrumb\":{\"@id\":\"https:\\\/\\\/www.casaceccatelli.com\\\/it\\\/shipping-purchases\\\/#breadcrumb\"},\"inLanguage\":\"it-IT\",\"potentialAction\":[{\"@type\":\"ReadAction\",\"target\":[\"https:\\\/\\\/www.casaceccatelli.com\\\/it\\\/shipping-purchases\\\/\"]}]},{\"@type\":\"ImageObject\",\"inLanguage\":\"it-IT\",\"@id\":\"https:\\\/\\\/www.casaceccatelli.com\\\/it\\\/shipping-purchases\\\/#primaryimage\",\"url\":\"https:\\\/\\\/www.casaceccatelli.com\\\/wp-content\\\/uploads\\\/2021\\\/01\\\/GiftSet.png\",\"contentUrl\":\"https:\\\/\\\/www.casaceccatelli.com\\\/wp-content\\\/uploads\\\/2021\\\/01\\\/GiftSet.png\",\"width\":1500,\"height\":1500},{\"@type\":\"BreadcrumbList\",\"@id\":\"https:\\\/\\\/www.casaceccatelli.com\\\/it\\\/shipping-purchases\\\/#breadcrumb\",\"itemListElement\":[{\"@type\":\"ListItem\",\"position\":1,\"name\":\"Home\",\"item\":\"https:\\\/\\\/www.casaceccatelli.com\\\/it\\\/\"},{\"@type\":\"ListItem\",\"position\":2,\"name\":\"Shipping &#038; Purchases\"}]},{\"@type\":\"WebSite\",\"@id\":\"https:\\\/\\\/www.casaceccatelli.com\\\/#website\",\"url\":\"https:\\\/\\\/www.casaceccatelli.com\\\/\",\"name\":\"Casa Ceccatelli\",\"description\":\"Food made with passion, from farm to shelf.\",\"publisher\":{\"@id\":\"https:\\\/\\\/www.casaceccatelli.com\\\/#organization\"},\"potentialAction\":[{\"@type\":\"SearchAction\",\"target\":{\"@type\":\"EntryPoint\",\"urlTemplate\":\"https:\\\/\\\/www.casaceccatelli.com\\\/?s={search_term_string}\"},\"query-input\":{\"@type\":\"PropertyValueSpecification\",\"valueRequired\":true,\"valueName\":\"search_term_string\"}}],\"inLanguage\":\"it-IT\"},{\"@type\":\"Organization\",\"@id\":\"https:\\\/\\\/www.casaceccatelli.com\\\/#organization\",\"name\":\"Casa Ceccatelli\",\"url\":\"https:\\\/\\\/www.casaceccatelli.com\\\/\",\"logo\":{\"@type\":\"ImageObject\",\"inLanguage\":\"it-IT\",\"@id\":\"https:\\\/\\\/www.casaceccatelli.com\\\/#\\\/schema\\\/logo\\\/image\\\/\",\"url\":\"https:\\\/\\\/www.casaceccatelli.com\\\/wp-content\\\/uploads\\\/2020\\\/12\\\/Casa_Ceccatelli_logo.png\",\"contentUrl\":\"https:\\\/\\\/www.casaceccatelli.com\\\/wp-content\\\/uploads\\\/2020\\\/12\\\/Casa_Ceccatelli_logo.png\",\"width\":600,\"height\":490,\"caption\":\"Casa Ceccatelli\"},\"image\":{\"@id\":\"https:\\\/\\\/www.casaceccatelli.com\\\/#\\\/schema\\\/logo\\\/image\\\/\"}}]}<\/script>\n<!-- \/ Yoast SEO plugin. -->","yoast_head_json":{"title":"Casa Ceccatelli - Shipping & Purchases - Since 1890","description":"Casa Ceccatelli is a family affair providing gourmet food items using free range and organic produce and best quality ingredients throughout Italy, creating handmade products using authentic family recipes and artisan traditions.","robots":{"index":"index","follow":"follow","max-snippet":"max-snippet:-1","max-image-preview":"max-image-preview:large","max-video-preview":"max-video-preview:-1"},"canonical":"https:\/\/www.casaceccatelli.com\/it\/shipping-purchases\/","og_locale":"it_IT","og_type":"article","og_title":"Casa Ceccatelli - Shipping & Purchases - Since 1890","og_description":"Casa Ceccatelli is a family affair providing gourmet food items using free range and organic produce and best quality ingredients throughout Italy, creating handmade products using authentic family recipes and artisan traditions.","og_url":"https:\/\/www.casaceccatelli.com\/it\/shipping-purchases\/","og_site_name":"Casa Ceccatelli","article_modified_time":"2021-02-04T08:32:20+00:00","og_image":[{"width":1500,"height":1500,"url":"https:\/\/www.casaceccatelli.com\/wp-content\/uploads\/2021\/01\/GiftSet.png","type":"image\/png"}],"twitter_card":"summary_large_image","twitter_misc":{"Tempo di lettura stimato":"3 minuti"},"schema":{"@context":"https:\/\/schema.org","@graph":[{"@type":"WebPage","@id":"https:\/\/www.casaceccatelli.com\/it\/shipping-purchases\/","url":"https:\/\/www.casaceccatelli.com\/it\/shipping-purchases\/","name":"Casa Ceccatelli - Shipping & Purchases - Since 1890","isPartOf":{"@id":"https:\/\/www.casaceccatelli.com\/#website"},"primaryImageOfPage":{"@id":"https:\/\/www.casaceccatelli.com\/it\/shipping-purchases\/#primaryimage"},"image":{"@id":"https:\/\/www.casaceccatelli.com\/it\/shipping-purchases\/#primaryimage"},"thumbnailUrl":"https:\/\/www.casaceccatelli.com\/wp-content\/uploads\/2021\/01\/GiftSet.png","datePublished":"2021-01-22T11:10:40+00:00","dateModified":"2021-02-04T08:32:20+00:00","description":"Casa Ceccatelli is a family affair providing gourmet food items using free range and organic produce and best quality ingredients throughout Italy, creating handmade products using authentic family recipes and artisan traditions.","breadcrumb":{"@id":"https:\/\/www.casaceccatelli.com\/it\/shipping-purchases\/#breadcrumb"},"inLanguage":"it-IT","potentialAction":[{"@type":"ReadAction","target":["https:\/\/www.casaceccatelli.com\/it\/shipping-purchases\/"]}]},{"@type":"ImageObject","inLanguage":"it-IT","@id":"https:\/\/www.casaceccatelli.com\/it\/shipping-purchases\/#primaryimage","url":"https:\/\/www.casaceccatelli.com\/wp-content\/uploads\/2021\/01\/GiftSet.png","contentUrl":"https:\/\/www.casaceccatelli.com\/wp-content\/uploads\/2021\/01\/GiftSet.png","width":1500,"height":1500},{"@type":"BreadcrumbList","@id":"https:\/\/www.casaceccatelli.com\/it\/shipping-purchases\/#breadcrumb","itemListElement":[{"@type":"ListItem","position":1,"name":"Home","item":"https:\/\/www.casaceccatelli.com\/it\/"},{"@type":"ListItem","position":2,"name":"Shipping &#038; Purchases"}]},{"@type":"WebSite","@id":"https:\/\/www.casaceccatelli.com\/#website","url":"https:\/\/www.casaceccatelli.com\/","name":"Casa Ceccatelli","description":"Food made with passion, from farm to shelf.","publisher":{"@id":"https:\/\/www.casaceccatelli.com\/#organization"},"potentialAction":[{"@type":"SearchAction","target":{"@type":"EntryPoint","urlTemplate":"https:\/\/www.casaceccatelli.com\/?s={search_term_string}"},"query-input":{"@type":"PropertyValueSpecification","valueRequired":true,"valueName":"search_term_string"}}],"inLanguage":"it-IT"},{"@type":"Organization","@id":"https:\/\/www.casaceccatelli.com\/#organization","name":"Casa Ceccatelli","url":"https:\/\/www.casaceccatelli.com\/","logo":{"@type":"ImageObject","inLanguage":"it-IT","@id":"https:\/\/www.casaceccatelli.com\/#\/schema\/logo\/image\/","url":"https:\/\/www.casaceccatelli.com\/wp-content\/uploads\/2020\/12\/Casa_Ceccatelli_logo.png","contentUrl":"https:\/\/www.casaceccatelli.com\/wp-content\/uploads\/2020\/12\/Casa_Ceccatelli_logo.png","width":600,"height":490,"caption":"Casa Ceccatelli"},"image":{"@id":"https:\/\/www.casaceccatelli.com\/#\/schema\/logo\/image\/"}}]}},"_links":{"self":[{"href":"https:\/\/www.casaceccatelli.com\/it\/wp-json\/wp\/v2\/pages\/615","targetHints":{"allow":["GET"]}}],"collection":[{"href":"https:\/\/www.casaceccatelli.com\/it\/wp-json\/wp\/v2\/pages"}],"about":[{"href":"https:\/\/www.casaceccatelli.com\/it\/wp-json\/wp\/v2\/types\/page"}],"author":[{"embeddable":true,"href":"https:\/\/www.casaceccatelli.com\/it\/wp-json\/wp\/v2\/users\/2"}],"replies":[{"embeddable":true,"href":"https:\/\/www.casaceccatelli.com\/it\/wp-json\/wp\/v2\/comments?post=615"}],"version-history":[{"count":0,"href":"https:\/\/www.casaceccatelli.com\/it\/wp-json\/wp\/v2\/pages\/615\/revisions"}],"wp:featuredmedia":[{"embeddable":true,"href":"https:\/\/www.casaceccatelli.com\/it\/wp-json\/wp\/v2\/media\/616"}],"wp:attachment":[{"href":"https:\/\/www.casaceccatelli.com\/it\/wp-json\/wp\/v2\/media?parent=615"}],"curies":[{"name":"wp","href":"https:\/\/api.w.org\/{rel}","templated":true}]}}