{"id":1461,"date":"2021-03-12T19:18:44","date_gmt":"2021-03-12T19:18:44","guid":{"rendered":"https:\/\/www.casaceccatelli.com\/shop\/coffee-rub\/"},"modified":"2025-01-01T22:14:17","modified_gmt":"2025-01-01T22:14:17","slug":"coffee-rub","status":"publish","type":"product","link":"https:\/\/www.casaceccatelli.com\/it\/shop\/dispensa\/coffee-rub\/","title":{"rendered":"Tanta Roba Coffee Rub"},"content":{"rendered":"","protected":false},"excerpt":{"rendered":"<p>Aggiungi una dose audace di sapore a tutte le tue carni con il nostro Tanta Roba Coffee Rub. Le spezie pi\u00f9 tradizionali come aglio e pepe nero ottengono una carica di energia una volta strofinate. I chicchi di caff\u00e8 Finca El Puente di alta qualit\u00e0, tostati all&#8217;italiana, sono la superstar pi\u00f9 potente: non troppo scuri e non troppo chiari, sono il perfetto equilibrio tra aromi sottili e potenti e sapore robusto. Insieme abbiamo stretto una partnership con lo specialista del caff\u00e8 di fama mondiale Ditta Artiginale per offrirti i migliori chicchi di caff\u00e8 tostati secondo i pi\u00f9 alti standard, con quel tocco gourmet ultra speciale che conosci e ami da Casa Ceccattelli.<\/p>\n<p>Goditi i benefici del nostro Tanta Roba Coffee Rub su quasi tutti i tagli di carne, tra cui la nostra bistecca preferita, le costolette, il pollo, l&#8217;agnello e il maiale. Per il pollo, strofina l&#8217;olio d&#8217;oliva prima di lavorare con il nostro coffee rub, quindi griglia per ottenere i migliori risultati. Quando viene utilizzato sulla bistecca, Tanta Roba raddoppia come ammorbidente e rende la carne pi\u00f9 morbida e succosa sigillando l&#8217;umidit\u00e0 con la sua crosta terrosa e robusta.<\/p>\n<p>Utilizziamo ingredienti completamente naturali, quindi \u00e8 normale che si formino grumi. Assicuratevi di agitare prima dell&#8217;uso!<\/p>\n<p>Note di: caff\u00e8, cipolla, aglio e spezie tradizionali toscane.<\/p>\n<p><img decoding=\"async\" class=\"alignnone size-medium wp-image-1923\" src=\"https:\/\/www.casaceccatelli.com\/wp-content\/uploads\/2021\/03\/artigianale-LOGO-300x86.png\" alt=\"\" width=\"250\" height=\"71\" srcset=\"https:\/\/www.casaceccatelli.com\/wp-content\/uploads\/2021\/03\/artigianale-LOGO-300x86.png 300w, https:\/\/www.casaceccatelli.com\/wp-content\/uploads\/2021\/03\/artigianale-LOGO-1024x292.png 1024w, https:\/\/www.casaceccatelli.com\/wp-content\/uploads\/2021\/03\/artigianale-LOGO-768x219.png 768w, https:\/\/www.casaceccatelli.com\/wp-content\/uploads\/2021\/03\/artigianale-LOGO-600x171.png 600w, https:\/\/www.casaceccatelli.com\/wp-content\/uploads\/2021\/03\/artigianale-LOGO.png 1161w\" sizes=\"(max-width: 250px) 100vw, 250px\" \/><\/p>\n<p>Confezionato in modo sostenibile in un barattolo di vetro<\/p>\n","protected":false},"featured_media":1406,"template":"","meta":[],"product_brand":[],"product_cat":[46],"product_tag":[],"class_list":{"0":"post-1461","1":"product","2":"type-product","3":"status-publish","4":"has-post-thumbnail","6":"product_cat-dispensa","8":"first","9":"instock","10":"taxable","11":"shipping-taxable","12":"purchasable","13":"product-type-variable","14":"has-default-attributes"},"yoast_head":"<!-- This site is optimized with the Yoast SEO plugin v27.4 - https:\/\/yoast.com\/product\/yoast-seo-wordpress\/ -->\n<title>Casa Ceccatelli - Tanta Roba Coffee Rub - From Farm to Shelf<\/title>\n<meta name=\"description\" content=\"Serving quality food items using free range and organic produce and best quality ingredients throughout Italy, creating handmade products using authentic family recipes and artisan traditions. Food made with passion, from farm to shelf.\" \/>\n<meta name=\"robots\" content=\"index, follow, max-snippet:-1, max-image-preview:large, max-video-preview:-1\" \/>\n<link rel=\"canonical\" href=\"https:\/\/www.casaceccatelli.com\/it\/shop\/dispensa\/coffee-rub\/\" \/>\n<meta property=\"og:locale\" content=\"it_IT\" \/>\n<meta property=\"og:type\" content=\"article\" \/>\n<meta property=\"og:title\" content=\"Casa Ceccatelli - Tanta Roba Coffee Rub - From Farm to Shelf\" \/>\n<meta property=\"og:description\" content=\"Serving quality food items using free range and organic produce and best quality ingredients throughout Italy, creating handmade products using authentic family recipes and artisan traditions. Food made with passion, from farm to shelf.\" \/>\n<meta property=\"og:url\" content=\"https:\/\/www.casaceccatelli.com\/it\/shop\/dispensa\/coffee-rub\/\" \/>\n<meta property=\"og:site_name\" content=\"Casa Ceccatelli\" \/>\n<meta property=\"article:modified_time\" content=\"2025-01-01T22:14:17+00:00\" \/>\n<meta property=\"og:image\" content=\"https:\/\/www.casaceccatelli.com\/wp-content\/uploads\/2021\/03\/casacecatelli_studio_03_2021-27.jpg\" \/>\n\t<meta property=\"og:image:width\" content=\"1000\" \/>\n\t<meta property=\"og:image:height\" content=\"1000\" \/>\n\t<meta property=\"og:image:type\" content=\"image\/jpeg\" \/>\n<meta name=\"twitter:card\" content=\"summary_large_image\" \/>\n<meta name=\"twitter:label1\" content=\"Tempo di lettura stimato\" \/>\n\t<meta name=\"twitter:data1\" content=\"1 minuto\" \/>\n<script type=\"application\/ld+json\" class=\"yoast-schema-graph\">{\"@context\":\"https:\\\/\\\/schema.org\",\"@graph\":[{\"@type\":\"WebPage\",\"@id\":\"https:\\\/\\\/www.casaceccatelli.com\\\/it\\\/shop\\\/dispensa\\\/coffee-rub\\\/\",\"url\":\"https:\\\/\\\/www.casaceccatelli.com\\\/it\\\/shop\\\/dispensa\\\/coffee-rub\\\/\",\"name\":\"Casa Ceccatelli - Tanta Roba Coffee Rub - From Farm to Shelf\",\"isPartOf\":{\"@id\":\"https:\\\/\\\/www.casaceccatelli.com\\\/#website\"},\"primaryImageOfPage\":{\"@id\":\"https:\\\/\\\/www.casaceccatelli.com\\\/it\\\/shop\\\/dispensa\\\/coffee-rub\\\/#primaryimage\"},\"image\":{\"@id\":\"https:\\\/\\\/www.casaceccatelli.com\\\/it\\\/shop\\\/dispensa\\\/coffee-rub\\\/#primaryimage\"},\"thumbnailUrl\":\"https:\\\/\\\/www.casaceccatelli.com\\\/wp-content\\\/uploads\\\/2021\\\/03\\\/casacecatelli_studio_03_2021-27.jpg\",\"datePublished\":\"2021-03-12T19:18:44+00:00\",\"dateModified\":\"2025-01-01T22:14:17+00:00\",\"description\":\"Serving quality food items using free range and organic produce and best quality ingredients throughout Italy, creating handmade products using authentic family recipes and artisan traditions. Food made with passion, from farm to shelf.\",\"breadcrumb\":{\"@id\":\"https:\\\/\\\/www.casaceccatelli.com\\\/it\\\/shop\\\/dispensa\\\/coffee-rub\\\/#breadcrumb\"},\"inLanguage\":\"it-IT\",\"potentialAction\":[{\"@type\":\"ReadAction\",\"target\":[\"https:\\\/\\\/www.casaceccatelli.com\\\/it\\\/shop\\\/dispensa\\\/coffee-rub\\\/\"]}]},{\"@type\":\"ImageObject\",\"inLanguage\":\"it-IT\",\"@id\":\"https:\\\/\\\/www.casaceccatelli.com\\\/it\\\/shop\\\/dispensa\\\/coffee-rub\\\/#primaryimage\",\"url\":\"https:\\\/\\\/www.casaceccatelli.com\\\/wp-content\\\/uploads\\\/2021\\\/03\\\/casacecatelli_studio_03_2021-27.jpg\",\"contentUrl\":\"https:\\\/\\\/www.casaceccatelli.com\\\/wp-content\\\/uploads\\\/2021\\\/03\\\/casacecatelli_studio_03_2021-27.jpg\",\"width\":1000,\"height\":1000},{\"@type\":\"BreadcrumbList\",\"@id\":\"https:\\\/\\\/www.casaceccatelli.com\\\/it\\\/shop\\\/dispensa\\\/coffee-rub\\\/#breadcrumb\",\"itemListElement\":[{\"@type\":\"ListItem\",\"position\":1,\"name\":\"Home\",\"item\":\"https:\\\/\\\/www.casaceccatelli.com\\\/it\\\/\"},{\"@type\":\"ListItem\",\"position\":2,\"name\":\"Shop.\",\"item\":\"https:\\\/\\\/www.casaceccatelli.com\\\/shop\\\/\"},{\"@type\":\"ListItem\",\"position\":3,\"name\":\"Tanta Roba Coffee Rub\"}]},{\"@type\":\"WebSite\",\"@id\":\"https:\\\/\\\/www.casaceccatelli.com\\\/#website\",\"url\":\"https:\\\/\\\/www.casaceccatelli.com\\\/\",\"name\":\"Casa Ceccatelli\",\"description\":\"Food made with passion, from farm to shelf.\",\"publisher\":{\"@id\":\"https:\\\/\\\/www.casaceccatelli.com\\\/#organization\"},\"potentialAction\":[{\"@type\":\"SearchAction\",\"target\":{\"@type\":\"EntryPoint\",\"urlTemplate\":\"https:\\\/\\\/www.casaceccatelli.com\\\/?s={search_term_string}\"},\"query-input\":{\"@type\":\"PropertyValueSpecification\",\"valueRequired\":true,\"valueName\":\"search_term_string\"}}],\"inLanguage\":\"it-IT\"},{\"@type\":\"Organization\",\"@id\":\"https:\\\/\\\/www.casaceccatelli.com\\\/#organization\",\"name\":\"Casa Ceccatelli\",\"url\":\"https:\\\/\\\/www.casaceccatelli.com\\\/\",\"logo\":{\"@type\":\"ImageObject\",\"inLanguage\":\"it-IT\",\"@id\":\"https:\\\/\\\/www.casaceccatelli.com\\\/#\\\/schema\\\/logo\\\/image\\\/\",\"url\":\"https:\\\/\\\/www.casaceccatelli.com\\\/wp-content\\\/uploads\\\/2020\\\/12\\\/Casa_Ceccatelli_logo.png\",\"contentUrl\":\"https:\\\/\\\/www.casaceccatelli.com\\\/wp-content\\\/uploads\\\/2020\\\/12\\\/Casa_Ceccatelli_logo.png\",\"width\":600,\"height\":490,\"caption\":\"Casa Ceccatelli\"},\"image\":{\"@id\":\"https:\\\/\\\/www.casaceccatelli.com\\\/#\\\/schema\\\/logo\\\/image\\\/\"}}]}<\/script>\n<!-- \/ Yoast SEO plugin. -->","yoast_head_json":{"title":"Casa Ceccatelli - Tanta Roba Coffee Rub - From Farm to Shelf","description":"Serving quality food items using free range and organic produce and best quality ingredients throughout Italy, creating handmade products using authentic family recipes and artisan traditions. Food made with passion, from farm to shelf.","robots":{"index":"index","follow":"follow","max-snippet":"max-snippet:-1","max-image-preview":"max-image-preview:large","max-video-preview":"max-video-preview:-1"},"canonical":"https:\/\/www.casaceccatelli.com\/it\/shop\/dispensa\/coffee-rub\/","og_locale":"it_IT","og_type":"article","og_title":"Casa Ceccatelli - Tanta Roba Coffee Rub - From Farm to Shelf","og_description":"Serving quality food items using free range and organic produce and best quality ingredients throughout Italy, creating handmade products using authentic family recipes and artisan traditions. Food made with passion, from farm to shelf.","og_url":"https:\/\/www.casaceccatelli.com\/it\/shop\/dispensa\/coffee-rub\/","og_site_name":"Casa Ceccatelli","article_modified_time":"2025-01-01T22:14:17+00:00","og_image":[{"width":1000,"height":1000,"url":"https:\/\/www.casaceccatelli.com\/wp-content\/uploads\/2021\/03\/casacecatelli_studio_03_2021-27.jpg","type":"image\/jpeg"}],"twitter_card":"summary_large_image","twitter_misc":{"Tempo di lettura stimato":"1 minuto"},"schema":{"@context":"https:\/\/schema.org","@graph":[{"@type":"WebPage","@id":"https:\/\/www.casaceccatelli.com\/it\/shop\/dispensa\/coffee-rub\/","url":"https:\/\/www.casaceccatelli.com\/it\/shop\/dispensa\/coffee-rub\/","name":"Casa Ceccatelli - Tanta Roba Coffee Rub - From Farm to Shelf","isPartOf":{"@id":"https:\/\/www.casaceccatelli.com\/#website"},"primaryImageOfPage":{"@id":"https:\/\/www.casaceccatelli.com\/it\/shop\/dispensa\/coffee-rub\/#primaryimage"},"image":{"@id":"https:\/\/www.casaceccatelli.com\/it\/shop\/dispensa\/coffee-rub\/#primaryimage"},"thumbnailUrl":"https:\/\/www.casaceccatelli.com\/wp-content\/uploads\/2021\/03\/casacecatelli_studio_03_2021-27.jpg","datePublished":"2021-03-12T19:18:44+00:00","dateModified":"2025-01-01T22:14:17+00:00","description":"Serving quality food items using free range and organic produce and best quality ingredients throughout Italy, creating handmade products using authentic family recipes and artisan traditions. Food made with passion, from farm to shelf.","breadcrumb":{"@id":"https:\/\/www.casaceccatelli.com\/it\/shop\/dispensa\/coffee-rub\/#breadcrumb"},"inLanguage":"it-IT","potentialAction":[{"@type":"ReadAction","target":["https:\/\/www.casaceccatelli.com\/it\/shop\/dispensa\/coffee-rub\/"]}]},{"@type":"ImageObject","inLanguage":"it-IT","@id":"https:\/\/www.casaceccatelli.com\/it\/shop\/dispensa\/coffee-rub\/#primaryimage","url":"https:\/\/www.casaceccatelli.com\/wp-content\/uploads\/2021\/03\/casacecatelli_studio_03_2021-27.jpg","contentUrl":"https:\/\/www.casaceccatelli.com\/wp-content\/uploads\/2021\/03\/casacecatelli_studio_03_2021-27.jpg","width":1000,"height":1000},{"@type":"BreadcrumbList","@id":"https:\/\/www.casaceccatelli.com\/it\/shop\/dispensa\/coffee-rub\/#breadcrumb","itemListElement":[{"@type":"ListItem","position":1,"name":"Home","item":"https:\/\/www.casaceccatelli.com\/it\/"},{"@type":"ListItem","position":2,"name":"Shop.","item":"https:\/\/www.casaceccatelli.com\/shop\/"},{"@type":"ListItem","position":3,"name":"Tanta Roba Coffee Rub"}]},{"@type":"WebSite","@id":"https:\/\/www.casaceccatelli.com\/#website","url":"https:\/\/www.casaceccatelli.com\/","name":"Casa Ceccatelli","description":"Food made with passion, from farm to shelf.","publisher":{"@id":"https:\/\/www.casaceccatelli.com\/#organization"},"potentialAction":[{"@type":"SearchAction","target":{"@type":"EntryPoint","urlTemplate":"https:\/\/www.casaceccatelli.com\/?s={search_term_string}"},"query-input":{"@type":"PropertyValueSpecification","valueRequired":true,"valueName":"search_term_string"}}],"inLanguage":"it-IT"},{"@type":"Organization","@id":"https:\/\/www.casaceccatelli.com\/#organization","name":"Casa Ceccatelli","url":"https:\/\/www.casaceccatelli.com\/","logo":{"@type":"ImageObject","inLanguage":"it-IT","@id":"https:\/\/www.casaceccatelli.com\/#\/schema\/logo\/image\/","url":"https:\/\/www.casaceccatelli.com\/wp-content\/uploads\/2020\/12\/Casa_Ceccatelli_logo.png","contentUrl":"https:\/\/www.casaceccatelli.com\/wp-content\/uploads\/2020\/12\/Casa_Ceccatelli_logo.png","width":600,"height":490,"caption":"Casa Ceccatelli"},"image":{"@id":"https:\/\/www.casaceccatelli.com\/#\/schema\/logo\/image\/"}}]}},"_links":{"self":[{"href":"https:\/\/www.casaceccatelli.com\/it\/wp-json\/wp\/v2\/product\/1461","targetHints":{"allow":["GET"]}}],"collection":[{"href":"https:\/\/www.casaceccatelli.com\/it\/wp-json\/wp\/v2\/product"}],"about":[{"href":"https:\/\/www.casaceccatelli.com\/it\/wp-json\/wp\/v2\/types\/product"}],"wp:featuredmedia":[{"embeddable":true,"href":"https:\/\/www.casaceccatelli.com\/it\/wp-json\/wp\/v2\/media\/1406"}],"wp:attachment":[{"href":"https:\/\/www.casaceccatelli.com\/it\/wp-json\/wp\/v2\/media?parent=1461"}],"wp:term":[{"taxonomy":"product_brand","embeddable":true,"href":"https:\/\/www.casaceccatelli.com\/it\/wp-json\/wp\/v2\/product_brand?post=1461"},{"taxonomy":"product_cat","embeddable":true,"href":"https:\/\/www.casaceccatelli.com\/it\/wp-json\/wp\/v2\/product_cat?post=1461"},{"taxonomy":"product_tag","embeddable":true,"href":"https:\/\/www.casaceccatelli.com\/it\/wp-json\/wp\/v2\/product_tag?post=1461"}],"curies":[{"name":"wp","href":"https:\/\/api.w.org\/{rel}","templated":true}]}}