{"id":717,"date":"2020-12-21T11:18:02","date_gmt":"2020-12-21T11:18:02","guid":{"rendered":"https:\/\/www.casaceccatelli.com\/shop\/ragu-di-suino\/"},"modified":"2025-01-01T22:19:34","modified_gmt":"2025-01-01T22:19:34","slug":"ragu-di-suino","status":"publish","type":"product","link":"https:\/\/www.casaceccatelli.com\/it\/shop\/dispensa\/ragu-di-suino\/","title":{"rendered":"Rag\u00f9 di suino"},"content":{"rendered":"","protected":false},"excerpt":{"rendered":"<p>Questa rag\u00f9 viene prodotto utilizzando come base suini di Maremma per questa sontuosa ricetta. Il Rag\u00f9 di Suino viene cotto lentamente e delicatamente con una piccola quantit\u00e0 di pomodori Toscani, carote, cipolle e una spruzzata di vino bianco, ed \u00e8 condito con sale, pepe e una selezione segreta di erbe italiane e olio extravergine di oliva. Servire saltandolo con pasta fresca per un sapore ottimale.<\/p>\n<p>Peso: 250 gr \/ 9 oz<\/p>\n<p>Confezionato in modo sostenibile in un barattolo di vetro<\/p>\n","protected":false},"featured_media":1366,"template":"","meta":[],"product_brand":[],"product_cat":[46],"product_tag":[],"class_list":{"0":"post-717","1":"product","2":"type-product","3":"status-publish","4":"has-post-thumbnail","6":"product_cat-dispensa","7":"product_shipping_class-barattoli","9":"first","10":"instock","11":"taxable","12":"shipping-taxable","13":"product-type-simple"},"yoast_head":"<!-- This site is optimized with the Yoast SEO plugin v27.4 - https:\/\/yoast.com\/product\/yoast-seo-wordpress\/ -->\n<title>Casa Ceccatelli - Rag\u00f9 di suino - From Farm to Shelf<\/title>\n<meta name=\"description\" content=\"Serving quality food items using free range and organic produce and best quality ingredients throughout Italy, creating handmade products using authentic family recipes and artisan traditions. Food made with passion, from farm to shelf.\" \/>\n<meta name=\"robots\" content=\"index, follow, max-snippet:-1, max-image-preview:large, max-video-preview:-1\" \/>\n<link rel=\"canonical\" href=\"https:\/\/www.casaceccatelli.com\/it\/shop\/dispensa\/ragu-di-suino\/\" \/>\n<meta property=\"og:locale\" content=\"it_IT\" \/>\n<meta property=\"og:type\" content=\"article\" \/>\n<meta property=\"og:title\" content=\"Casa Ceccatelli - Rag\u00f9 di suino - From Farm to Shelf\" \/>\n<meta property=\"og:description\" content=\"Serving quality food items using free range and organic produce and best quality ingredients throughout Italy, creating handmade products using authentic family recipes and artisan traditions. Food made with passion, from farm to shelf.\" \/>\n<meta property=\"og:url\" content=\"https:\/\/www.casaceccatelli.com\/it\/shop\/dispensa\/ragu-di-suino\/\" \/>\n<meta property=\"og:site_name\" content=\"Casa Ceccatelli\" \/>\n<meta property=\"article:modified_time\" content=\"2025-01-01T22:19:34+00:00\" \/>\n<meta property=\"og:image\" content=\"https:\/\/www.casaceccatelli.com\/wp-content\/uploads\/2020\/12\/casacecatelli_studio_03_2021-15.jpg\" \/>\n\t<meta property=\"og:image:width\" content=\"1000\" \/>\n\t<meta property=\"og:image:height\" content=\"1000\" \/>\n\t<meta property=\"og:image:type\" content=\"image\/jpeg\" \/>\n<meta name=\"twitter:card\" content=\"summary_large_image\" \/>\n<meta name=\"twitter:label1\" content=\"Tempo di lettura stimato\" \/>\n\t<meta name=\"twitter:data1\" content=\"1 minuto\" \/>\n<script type=\"application\/ld+json\" class=\"yoast-schema-graph\">{\"@context\":\"https:\\\/\\\/schema.org\",\"@graph\":[{\"@type\":\"WebPage\",\"@id\":\"https:\\\/\\\/www.casaceccatelli.com\\\/it\\\/shop\\\/dispensa\\\/ragu-di-suino\\\/\",\"url\":\"https:\\\/\\\/www.casaceccatelli.com\\\/it\\\/shop\\\/dispensa\\\/ragu-di-suino\\\/\",\"name\":\"Casa Ceccatelli - Rag\u00f9 di suino - From Farm to Shelf\",\"isPartOf\":{\"@id\":\"https:\\\/\\\/www.casaceccatelli.com\\\/#website\"},\"primaryImageOfPage\":{\"@id\":\"https:\\\/\\\/www.casaceccatelli.com\\\/it\\\/shop\\\/dispensa\\\/ragu-di-suino\\\/#primaryimage\"},\"image\":{\"@id\":\"https:\\\/\\\/www.casaceccatelli.com\\\/it\\\/shop\\\/dispensa\\\/ragu-di-suino\\\/#primaryimage\"},\"thumbnailUrl\":\"https:\\\/\\\/www.casaceccatelli.com\\\/wp-content\\\/uploads\\\/2020\\\/12\\\/casacecatelli_studio_03_2021-15.jpg\",\"datePublished\":\"2020-12-21T11:18:02+00:00\",\"dateModified\":\"2025-01-01T22:19:34+00:00\",\"description\":\"Serving quality food items using free range and organic produce and best quality ingredients throughout Italy, creating handmade products using authentic family recipes and artisan traditions. Food made with passion, from farm to shelf.\",\"breadcrumb\":{\"@id\":\"https:\\\/\\\/www.casaceccatelli.com\\\/it\\\/shop\\\/dispensa\\\/ragu-di-suino\\\/#breadcrumb\"},\"inLanguage\":\"it-IT\",\"potentialAction\":[{\"@type\":\"ReadAction\",\"target\":[\"https:\\\/\\\/www.casaceccatelli.com\\\/it\\\/shop\\\/dispensa\\\/ragu-di-suino\\\/\"]}]},{\"@type\":\"ImageObject\",\"inLanguage\":\"it-IT\",\"@id\":\"https:\\\/\\\/www.casaceccatelli.com\\\/it\\\/shop\\\/dispensa\\\/ragu-di-suino\\\/#primaryimage\",\"url\":\"https:\\\/\\\/www.casaceccatelli.com\\\/wp-content\\\/uploads\\\/2020\\\/12\\\/casacecatelli_studio_03_2021-15.jpg\",\"contentUrl\":\"https:\\\/\\\/www.casaceccatelli.com\\\/wp-content\\\/uploads\\\/2020\\\/12\\\/casacecatelli_studio_03_2021-15.jpg\",\"width\":1000,\"height\":1000},{\"@type\":\"BreadcrumbList\",\"@id\":\"https:\\\/\\\/www.casaceccatelli.com\\\/it\\\/shop\\\/dispensa\\\/ragu-di-suino\\\/#breadcrumb\",\"itemListElement\":[{\"@type\":\"ListItem\",\"position\":1,\"name\":\"Home\",\"item\":\"https:\\\/\\\/www.casaceccatelli.com\\\/it\\\/\"},{\"@type\":\"ListItem\",\"position\":2,\"name\":\"Shop.\",\"item\":\"https:\\\/\\\/www.casaceccatelli.com\\\/shop\\\/\"},{\"@type\":\"ListItem\",\"position\":3,\"name\":\"Rag\u00f9 di suino\"}]},{\"@type\":\"WebSite\",\"@id\":\"https:\\\/\\\/www.casaceccatelli.com\\\/#website\",\"url\":\"https:\\\/\\\/www.casaceccatelli.com\\\/\",\"name\":\"Casa Ceccatelli\",\"description\":\"Food made with passion, from farm to shelf.\",\"publisher\":{\"@id\":\"https:\\\/\\\/www.casaceccatelli.com\\\/#organization\"},\"potentialAction\":[{\"@type\":\"SearchAction\",\"target\":{\"@type\":\"EntryPoint\",\"urlTemplate\":\"https:\\\/\\\/www.casaceccatelli.com\\\/?s={search_term_string}\"},\"query-input\":{\"@type\":\"PropertyValueSpecification\",\"valueRequired\":true,\"valueName\":\"search_term_string\"}}],\"inLanguage\":\"it-IT\"},{\"@type\":\"Organization\",\"@id\":\"https:\\\/\\\/www.casaceccatelli.com\\\/#organization\",\"name\":\"Casa Ceccatelli\",\"url\":\"https:\\\/\\\/www.casaceccatelli.com\\\/\",\"logo\":{\"@type\":\"ImageObject\",\"inLanguage\":\"it-IT\",\"@id\":\"https:\\\/\\\/www.casaceccatelli.com\\\/#\\\/schema\\\/logo\\\/image\\\/\",\"url\":\"https:\\\/\\\/www.casaceccatelli.com\\\/wp-content\\\/uploads\\\/2020\\\/12\\\/Casa_Ceccatelli_logo.png\",\"contentUrl\":\"https:\\\/\\\/www.casaceccatelli.com\\\/wp-content\\\/uploads\\\/2020\\\/12\\\/Casa_Ceccatelli_logo.png\",\"width\":600,\"height\":490,\"caption\":\"Casa Ceccatelli\"},\"image\":{\"@id\":\"https:\\\/\\\/www.casaceccatelli.com\\\/#\\\/schema\\\/logo\\\/image\\\/\"}}]}<\/script>\n<!-- \/ Yoast SEO plugin. -->","yoast_head_json":{"title":"Casa Ceccatelli - Rag\u00f9 di suino - From Farm to Shelf","description":"Serving quality food items using free range and organic produce and best quality ingredients throughout Italy, creating handmade products using authentic family recipes and artisan traditions. Food made with passion, from farm to shelf.","robots":{"index":"index","follow":"follow","max-snippet":"max-snippet:-1","max-image-preview":"max-image-preview:large","max-video-preview":"max-video-preview:-1"},"canonical":"https:\/\/www.casaceccatelli.com\/it\/shop\/dispensa\/ragu-di-suino\/","og_locale":"it_IT","og_type":"article","og_title":"Casa Ceccatelli - Rag\u00f9 di suino - From Farm to Shelf","og_description":"Serving quality food items using free range and organic produce and best quality ingredients throughout Italy, creating handmade products using authentic family recipes and artisan traditions. Food made with passion, from farm to shelf.","og_url":"https:\/\/www.casaceccatelli.com\/it\/shop\/dispensa\/ragu-di-suino\/","og_site_name":"Casa Ceccatelli","article_modified_time":"2025-01-01T22:19:34+00:00","og_image":[{"width":1000,"height":1000,"url":"https:\/\/www.casaceccatelli.com\/wp-content\/uploads\/2020\/12\/casacecatelli_studio_03_2021-15.jpg","type":"image\/jpeg"}],"twitter_card":"summary_large_image","twitter_misc":{"Tempo di lettura stimato":"1 minuto"},"schema":{"@context":"https:\/\/schema.org","@graph":[{"@type":"WebPage","@id":"https:\/\/www.casaceccatelli.com\/it\/shop\/dispensa\/ragu-di-suino\/","url":"https:\/\/www.casaceccatelli.com\/it\/shop\/dispensa\/ragu-di-suino\/","name":"Casa Ceccatelli - Rag\u00f9 di suino - From Farm to Shelf","isPartOf":{"@id":"https:\/\/www.casaceccatelli.com\/#website"},"primaryImageOfPage":{"@id":"https:\/\/www.casaceccatelli.com\/it\/shop\/dispensa\/ragu-di-suino\/#primaryimage"},"image":{"@id":"https:\/\/www.casaceccatelli.com\/it\/shop\/dispensa\/ragu-di-suino\/#primaryimage"},"thumbnailUrl":"https:\/\/www.casaceccatelli.com\/wp-content\/uploads\/2020\/12\/casacecatelli_studio_03_2021-15.jpg","datePublished":"2020-12-21T11:18:02+00:00","dateModified":"2025-01-01T22:19:34+00:00","description":"Serving quality food items using free range and organic produce and best quality ingredients throughout Italy, creating handmade products using authentic family recipes and artisan traditions. Food made with passion, from farm to shelf.","breadcrumb":{"@id":"https:\/\/www.casaceccatelli.com\/it\/shop\/dispensa\/ragu-di-suino\/#breadcrumb"},"inLanguage":"it-IT","potentialAction":[{"@type":"ReadAction","target":["https:\/\/www.casaceccatelli.com\/it\/shop\/dispensa\/ragu-di-suino\/"]}]},{"@type":"ImageObject","inLanguage":"it-IT","@id":"https:\/\/www.casaceccatelli.com\/it\/shop\/dispensa\/ragu-di-suino\/#primaryimage","url":"https:\/\/www.casaceccatelli.com\/wp-content\/uploads\/2020\/12\/casacecatelli_studio_03_2021-15.jpg","contentUrl":"https:\/\/www.casaceccatelli.com\/wp-content\/uploads\/2020\/12\/casacecatelli_studio_03_2021-15.jpg","width":1000,"height":1000},{"@type":"BreadcrumbList","@id":"https:\/\/www.casaceccatelli.com\/it\/shop\/dispensa\/ragu-di-suino\/#breadcrumb","itemListElement":[{"@type":"ListItem","position":1,"name":"Home","item":"https:\/\/www.casaceccatelli.com\/it\/"},{"@type":"ListItem","position":2,"name":"Shop.","item":"https:\/\/www.casaceccatelli.com\/shop\/"},{"@type":"ListItem","position":3,"name":"Rag\u00f9 di suino"}]},{"@type":"WebSite","@id":"https:\/\/www.casaceccatelli.com\/#website","url":"https:\/\/www.casaceccatelli.com\/","name":"Casa Ceccatelli","description":"Food made with passion, from farm to shelf.","publisher":{"@id":"https:\/\/www.casaceccatelli.com\/#organization"},"potentialAction":[{"@type":"SearchAction","target":{"@type":"EntryPoint","urlTemplate":"https:\/\/www.casaceccatelli.com\/?s={search_term_string}"},"query-input":{"@type":"PropertyValueSpecification","valueRequired":true,"valueName":"search_term_string"}}],"inLanguage":"it-IT"},{"@type":"Organization","@id":"https:\/\/www.casaceccatelli.com\/#organization","name":"Casa Ceccatelli","url":"https:\/\/www.casaceccatelli.com\/","logo":{"@type":"ImageObject","inLanguage":"it-IT","@id":"https:\/\/www.casaceccatelli.com\/#\/schema\/logo\/image\/","url":"https:\/\/www.casaceccatelli.com\/wp-content\/uploads\/2020\/12\/Casa_Ceccatelli_logo.png","contentUrl":"https:\/\/www.casaceccatelli.com\/wp-content\/uploads\/2020\/12\/Casa_Ceccatelli_logo.png","width":600,"height":490,"caption":"Casa Ceccatelli"},"image":{"@id":"https:\/\/www.casaceccatelli.com\/#\/schema\/logo\/image\/"}}]}},"_links":{"self":[{"href":"https:\/\/www.casaceccatelli.com\/it\/wp-json\/wp\/v2\/product\/717","targetHints":{"allow":["GET"]}}],"collection":[{"href":"https:\/\/www.casaceccatelli.com\/it\/wp-json\/wp\/v2\/product"}],"about":[{"href":"https:\/\/www.casaceccatelli.com\/it\/wp-json\/wp\/v2\/types\/product"}],"wp:featuredmedia":[{"embeddable":true,"href":"https:\/\/www.casaceccatelli.com\/it\/wp-json\/wp\/v2\/media\/1366"}],"wp:attachment":[{"href":"https:\/\/www.casaceccatelli.com\/it\/wp-json\/wp\/v2\/media?parent=717"}],"wp:term":[{"taxonomy":"product_brand","embeddable":true,"href":"https:\/\/www.casaceccatelli.com\/it\/wp-json\/wp\/v2\/product_brand?post=717"},{"taxonomy":"product_cat","embeddable":true,"href":"https:\/\/www.casaceccatelli.com\/it\/wp-json\/wp\/v2\/product_cat?post=717"},{"taxonomy":"product_tag","embeddable":true,"href":"https:\/\/www.casaceccatelli.com\/it\/wp-json\/wp\/v2\/product_tag?post=717"}],"curies":[{"name":"wp","href":"https:\/\/api.w.org\/{rel}","templated":true}]}}