{"id":725,"date":"2021-01-31T13:18:15","date_gmt":"2021-01-31T13:18:15","guid":{"rendered":"https:\/\/www.casaceccatelli.com\/shop\/the-ragu-gift-set\/"},"modified":"2025-01-01T22:21:39","modified_gmt":"2025-01-01T22:21:39","slug":"il-set-regalo-ragu","status":"publish","type":"product","link":"https:\/\/www.casaceccatelli.com\/it\/shop\/dispensa\/il-set-regalo-ragu\/","title":{"rendered":"Set regalo rag\u00f9"},"content":{"rendered":"","protected":false},"excerpt":{"rendered":"<p>Una selezione di 4 barattoli di Rag\u00f9 in una confezione regalo artigianale personalizzata Casa Ceccatelli legati con cordino decorativo. Il set comprende: Rag\u00f9 di Carne, Rag\u00f9 di Suino, Rag\u00f9 di Carne con Porcini, Rag\u00f9 di Cinghiale.<\/p>\n<p>Peso: 250 gr \/ 9 oz per vasetto<\/p>\n<p>Confezionato in modo sostenibile in barattoli di vetro<\/p>\n","protected":false},"featured_media":2159,"template":"","meta":[],"product_brand":[],"product_cat":[46,57],"product_tag":[],"class_list":{"0":"post-725","1":"product","2":"type-product","3":"status-publish","4":"has-post-thumbnail","6":"product_cat-dispensa","7":"product_cat-holiday-sets-it","8":"product_shipping_class-barattoli","10":"first","11":"instock","12":"taxable","13":"shipping-taxable","14":"product-type-simple"},"yoast_head":"<!-- This site is optimized with the Yoast SEO plugin v27.4 - https:\/\/yoast.com\/product\/yoast-seo-wordpress\/ -->\n<title>Casa Ceccatelli - Set regalo rag\u00f9 - From Farm to Shelf<\/title>\n<meta name=\"description\" content=\"Serving quality food items using free range and organic produce and best quality ingredients throughout Italy, creating handmade products using authentic family recipes and artisan traditions. Food made with passion, from farm to shelf.\" \/>\n<meta name=\"robots\" content=\"index, follow, max-snippet:-1, max-image-preview:large, max-video-preview:-1\" \/>\n<link rel=\"canonical\" href=\"https:\/\/www.casaceccatelli.com\/it\/shop\/dispensa\/il-set-regalo-ragu\/\" \/>\n<meta property=\"og:locale\" content=\"it_IT\" \/>\n<meta property=\"og:type\" content=\"article\" \/>\n<meta property=\"og:title\" content=\"Casa Ceccatelli - Set regalo rag\u00f9 - From Farm to Shelf\" \/>\n<meta property=\"og:description\" content=\"Serving quality food items using free range and organic produce and best quality ingredients throughout Italy, creating handmade products using authentic family recipes and artisan traditions. Food made with passion, from farm to shelf.\" \/>\n<meta property=\"og:url\" content=\"https:\/\/www.casaceccatelli.com\/it\/shop\/dispensa\/il-set-regalo-ragu\/\" \/>\n<meta property=\"og:site_name\" content=\"Casa Ceccatelli\" \/>\n<meta property=\"article:modified_time\" content=\"2025-01-01T22:21:39+00:00\" \/>\n<meta property=\"og:image\" content=\"https:\/\/www.casaceccatelli.com\/wp-content\/uploads\/2021\/03\/Ragu-Gif-Set.jpg\" \/>\n\t<meta property=\"og:image:width\" content=\"1000\" \/>\n\t<meta property=\"og:image:height\" content=\"1000\" \/>\n\t<meta property=\"og:image:type\" content=\"image\/jpeg\" \/>\n<meta name=\"twitter:card\" content=\"summary_large_image\" \/>\n<meta name=\"twitter:label1\" content=\"Tempo di lettura stimato\" \/>\n\t<meta name=\"twitter:data1\" content=\"1 minuto\" \/>\n<script type=\"application\/ld+json\" class=\"yoast-schema-graph\">{\"@context\":\"https:\\\/\\\/schema.org\",\"@graph\":[{\"@type\":\"WebPage\",\"@id\":\"https:\\\/\\\/www.casaceccatelli.com\\\/it\\\/shop\\\/dispensa\\\/il-set-regalo-ragu\\\/\",\"url\":\"https:\\\/\\\/www.casaceccatelli.com\\\/it\\\/shop\\\/dispensa\\\/il-set-regalo-ragu\\\/\",\"name\":\"Casa Ceccatelli - Set regalo rag\u00f9 - From Farm to Shelf\",\"isPartOf\":{\"@id\":\"https:\\\/\\\/www.casaceccatelli.com\\\/#website\"},\"primaryImageOfPage\":{\"@id\":\"https:\\\/\\\/www.casaceccatelli.com\\\/it\\\/shop\\\/dispensa\\\/il-set-regalo-ragu\\\/#primaryimage\"},\"image\":{\"@id\":\"https:\\\/\\\/www.casaceccatelli.com\\\/it\\\/shop\\\/dispensa\\\/il-set-regalo-ragu\\\/#primaryimage\"},\"thumbnailUrl\":\"https:\\\/\\\/www.casaceccatelli.com\\\/wp-content\\\/uploads\\\/2021\\\/03\\\/Ragu-Gif-Set.jpg\",\"datePublished\":\"2021-01-31T13:18:15+00:00\",\"dateModified\":\"2025-01-01T22:21:39+00:00\",\"description\":\"Serving quality food items using free range and organic produce and best quality ingredients throughout Italy, creating handmade products using authentic family recipes and artisan traditions. Food made with passion, from farm to shelf.\",\"breadcrumb\":{\"@id\":\"https:\\\/\\\/www.casaceccatelli.com\\\/it\\\/shop\\\/dispensa\\\/il-set-regalo-ragu\\\/#breadcrumb\"},\"inLanguage\":\"it-IT\",\"potentialAction\":[{\"@type\":\"ReadAction\",\"target\":[\"https:\\\/\\\/www.casaceccatelli.com\\\/it\\\/shop\\\/dispensa\\\/il-set-regalo-ragu\\\/\"]}]},{\"@type\":\"ImageObject\",\"inLanguage\":\"it-IT\",\"@id\":\"https:\\\/\\\/www.casaceccatelli.com\\\/it\\\/shop\\\/dispensa\\\/il-set-regalo-ragu\\\/#primaryimage\",\"url\":\"https:\\\/\\\/www.casaceccatelli.com\\\/wp-content\\\/uploads\\\/2021\\\/03\\\/Ragu-Gif-Set.jpg\",\"contentUrl\":\"https:\\\/\\\/www.casaceccatelli.com\\\/wp-content\\\/uploads\\\/2021\\\/03\\\/Ragu-Gif-Set.jpg\",\"width\":1000,\"height\":1000},{\"@type\":\"BreadcrumbList\",\"@id\":\"https:\\\/\\\/www.casaceccatelli.com\\\/it\\\/shop\\\/dispensa\\\/il-set-regalo-ragu\\\/#breadcrumb\",\"itemListElement\":[{\"@type\":\"ListItem\",\"position\":1,\"name\":\"Home\",\"item\":\"https:\\\/\\\/www.casaceccatelli.com\\\/it\\\/\"},{\"@type\":\"ListItem\",\"position\":2,\"name\":\"Shop.\",\"item\":\"https:\\\/\\\/www.casaceccatelli.com\\\/shop\\\/\"},{\"@type\":\"ListItem\",\"position\":3,\"name\":\"Set regalo rag\u00f9\"}]},{\"@type\":\"WebSite\",\"@id\":\"https:\\\/\\\/www.casaceccatelli.com\\\/#website\",\"url\":\"https:\\\/\\\/www.casaceccatelli.com\\\/\",\"name\":\"Casa Ceccatelli\",\"description\":\"Food made with passion, from farm to shelf.\",\"publisher\":{\"@id\":\"https:\\\/\\\/www.casaceccatelli.com\\\/#organization\"},\"potentialAction\":[{\"@type\":\"SearchAction\",\"target\":{\"@type\":\"EntryPoint\",\"urlTemplate\":\"https:\\\/\\\/www.casaceccatelli.com\\\/?s={search_term_string}\"},\"query-input\":{\"@type\":\"PropertyValueSpecification\",\"valueRequired\":true,\"valueName\":\"search_term_string\"}}],\"inLanguage\":\"it-IT\"},{\"@type\":\"Organization\",\"@id\":\"https:\\\/\\\/www.casaceccatelli.com\\\/#organization\",\"name\":\"Casa Ceccatelli\",\"url\":\"https:\\\/\\\/www.casaceccatelli.com\\\/\",\"logo\":{\"@type\":\"ImageObject\",\"inLanguage\":\"it-IT\",\"@id\":\"https:\\\/\\\/www.casaceccatelli.com\\\/#\\\/schema\\\/logo\\\/image\\\/\",\"url\":\"https:\\\/\\\/www.casaceccatelli.com\\\/wp-content\\\/uploads\\\/2020\\\/12\\\/Casa_Ceccatelli_logo.png\",\"contentUrl\":\"https:\\\/\\\/www.casaceccatelli.com\\\/wp-content\\\/uploads\\\/2020\\\/12\\\/Casa_Ceccatelli_logo.png\",\"width\":600,\"height\":490,\"caption\":\"Casa Ceccatelli\"},\"image\":{\"@id\":\"https:\\\/\\\/www.casaceccatelli.com\\\/#\\\/schema\\\/logo\\\/image\\\/\"}}]}<\/script>\n<!-- \/ Yoast SEO plugin. -->","yoast_head_json":{"title":"Casa Ceccatelli - Set regalo rag\u00f9 - From Farm to Shelf","description":"Serving quality food items using free range and organic produce and best quality ingredients throughout Italy, creating handmade products using authentic family recipes and artisan traditions. Food made with passion, from farm to shelf.","robots":{"index":"index","follow":"follow","max-snippet":"max-snippet:-1","max-image-preview":"max-image-preview:large","max-video-preview":"max-video-preview:-1"},"canonical":"https:\/\/www.casaceccatelli.com\/it\/shop\/dispensa\/il-set-regalo-ragu\/","og_locale":"it_IT","og_type":"article","og_title":"Casa Ceccatelli - Set regalo rag\u00f9 - From Farm to Shelf","og_description":"Serving quality food items using free range and organic produce and best quality ingredients throughout Italy, creating handmade products using authentic family recipes and artisan traditions. Food made with passion, from farm to shelf.","og_url":"https:\/\/www.casaceccatelli.com\/it\/shop\/dispensa\/il-set-regalo-ragu\/","og_site_name":"Casa Ceccatelli","article_modified_time":"2025-01-01T22:21:39+00:00","og_image":[{"width":1000,"height":1000,"url":"https:\/\/www.casaceccatelli.com\/wp-content\/uploads\/2021\/03\/Ragu-Gif-Set.jpg","type":"image\/jpeg"}],"twitter_card":"summary_large_image","twitter_misc":{"Tempo di lettura stimato":"1 minuto"},"schema":{"@context":"https:\/\/schema.org","@graph":[{"@type":"WebPage","@id":"https:\/\/www.casaceccatelli.com\/it\/shop\/dispensa\/il-set-regalo-ragu\/","url":"https:\/\/www.casaceccatelli.com\/it\/shop\/dispensa\/il-set-regalo-ragu\/","name":"Casa Ceccatelli - Set regalo rag\u00f9 - From Farm to Shelf","isPartOf":{"@id":"https:\/\/www.casaceccatelli.com\/#website"},"primaryImageOfPage":{"@id":"https:\/\/www.casaceccatelli.com\/it\/shop\/dispensa\/il-set-regalo-ragu\/#primaryimage"},"image":{"@id":"https:\/\/www.casaceccatelli.com\/it\/shop\/dispensa\/il-set-regalo-ragu\/#primaryimage"},"thumbnailUrl":"https:\/\/www.casaceccatelli.com\/wp-content\/uploads\/2021\/03\/Ragu-Gif-Set.jpg","datePublished":"2021-01-31T13:18:15+00:00","dateModified":"2025-01-01T22:21:39+00:00","description":"Serving quality food items using free range and organic produce and best quality ingredients throughout Italy, creating handmade products using authentic family recipes and artisan traditions. Food made with passion, from farm to shelf.","breadcrumb":{"@id":"https:\/\/www.casaceccatelli.com\/it\/shop\/dispensa\/il-set-regalo-ragu\/#breadcrumb"},"inLanguage":"it-IT","potentialAction":[{"@type":"ReadAction","target":["https:\/\/www.casaceccatelli.com\/it\/shop\/dispensa\/il-set-regalo-ragu\/"]}]},{"@type":"ImageObject","inLanguage":"it-IT","@id":"https:\/\/www.casaceccatelli.com\/it\/shop\/dispensa\/il-set-regalo-ragu\/#primaryimage","url":"https:\/\/www.casaceccatelli.com\/wp-content\/uploads\/2021\/03\/Ragu-Gif-Set.jpg","contentUrl":"https:\/\/www.casaceccatelli.com\/wp-content\/uploads\/2021\/03\/Ragu-Gif-Set.jpg","width":1000,"height":1000},{"@type":"BreadcrumbList","@id":"https:\/\/www.casaceccatelli.com\/it\/shop\/dispensa\/il-set-regalo-ragu\/#breadcrumb","itemListElement":[{"@type":"ListItem","position":1,"name":"Home","item":"https:\/\/www.casaceccatelli.com\/it\/"},{"@type":"ListItem","position":2,"name":"Shop.","item":"https:\/\/www.casaceccatelli.com\/shop\/"},{"@type":"ListItem","position":3,"name":"Set regalo rag\u00f9"}]},{"@type":"WebSite","@id":"https:\/\/www.casaceccatelli.com\/#website","url":"https:\/\/www.casaceccatelli.com\/","name":"Casa Ceccatelli","description":"Food made with passion, from farm to shelf.","publisher":{"@id":"https:\/\/www.casaceccatelli.com\/#organization"},"potentialAction":[{"@type":"SearchAction","target":{"@type":"EntryPoint","urlTemplate":"https:\/\/www.casaceccatelli.com\/?s={search_term_string}"},"query-input":{"@type":"PropertyValueSpecification","valueRequired":true,"valueName":"search_term_string"}}],"inLanguage":"it-IT"},{"@type":"Organization","@id":"https:\/\/www.casaceccatelli.com\/#organization","name":"Casa Ceccatelli","url":"https:\/\/www.casaceccatelli.com\/","logo":{"@type":"ImageObject","inLanguage":"it-IT","@id":"https:\/\/www.casaceccatelli.com\/#\/schema\/logo\/image\/","url":"https:\/\/www.casaceccatelli.com\/wp-content\/uploads\/2020\/12\/Casa_Ceccatelli_logo.png","contentUrl":"https:\/\/www.casaceccatelli.com\/wp-content\/uploads\/2020\/12\/Casa_Ceccatelli_logo.png","width":600,"height":490,"caption":"Casa Ceccatelli"},"image":{"@id":"https:\/\/www.casaceccatelli.com\/#\/schema\/logo\/image\/"}}]}},"_links":{"self":[{"href":"https:\/\/www.casaceccatelli.com\/it\/wp-json\/wp\/v2\/product\/725","targetHints":{"allow":["GET"]}}],"collection":[{"href":"https:\/\/www.casaceccatelli.com\/it\/wp-json\/wp\/v2\/product"}],"about":[{"href":"https:\/\/www.casaceccatelli.com\/it\/wp-json\/wp\/v2\/types\/product"}],"wp:featuredmedia":[{"embeddable":true,"href":"https:\/\/www.casaceccatelli.com\/it\/wp-json\/wp\/v2\/media\/2159"}],"wp:attachment":[{"href":"https:\/\/www.casaceccatelli.com\/it\/wp-json\/wp\/v2\/media?parent=725"}],"wp:term":[{"taxonomy":"product_brand","embeddable":true,"href":"https:\/\/www.casaceccatelli.com\/it\/wp-json\/wp\/v2\/product_brand?post=725"},{"taxonomy":"product_cat","embeddable":true,"href":"https:\/\/www.casaceccatelli.com\/it\/wp-json\/wp\/v2\/product_cat?post=725"},{"taxonomy":"product_tag","embeddable":true,"href":"https:\/\/www.casaceccatelli.com\/it\/wp-json\/wp\/v2\/product_tag?post=725"}],"curies":[{"name":"wp","href":"https:\/\/api.w.org\/{rel}","templated":true}]}}