{"id":730,"date":"2021-01-30T12:02:17","date_gmt":"2021-01-30T12:02:17","guid":{"rendered":"https:\/\/www.casaceccatelli.com\/shop\/crostino-toscano\/"},"modified":"2025-01-01T22:06:12","modified_gmt":"2025-01-01T22:06:12","slug":"crostino-toscano","status":"publish","type":"product","link":"https:\/\/www.casaceccatelli.com\/it\/shop\/dispensa\/crostino-toscano\/","title":{"rendered":"Crostino Toscano"},"content":{"rendered":"","protected":false},"excerpt":{"rendered":"<p><strong><span style=\"color: #800000;\">OUT OF STOCK<\/span><\/strong><\/p>\n<p>Una vera specialit\u00e0 tipica Toscana dedicata a chi ama i sapori equilibrati ma grintosi, il nostro crostino Toscano (autentico pat\u00e9 di fegato di pollo Toscano) \u00e8 l\u2019aggiunta perfetta per trasformare qualsiasi fetta di pane in una delizia spettacolare. Il fegato di pollo viene cotto lentamente alla perfezione in una base di cipolla e vino rosso leggermente saltati, prima di essere combinato con un tocco salutare di capperi, sale, limone e pasta di acciughe per un calcio in pi\u00f9.<\/p>\n<p>Peso: 250 gr \/ 9 oz<\/p>\n<p>Confezionato in modo sostenibile in un barattolo di vetro<\/p>\n","protected":false},"featured_media":1354,"template":"","meta":[],"product_brand":[],"product_cat":[46],"product_tag":[],"class_list":{"0":"post-730","1":"product","2":"type-product","3":"status-publish","4":"has-post-thumbnail","6":"product_cat-dispensa","7":"product_shipping_class-barattoli","9":"first","10":"outofstock","11":"taxable","12":"shipping-taxable","13":"product-type-simple"},"yoast_head":"<!-- This site is optimized with the Yoast SEO plugin v27.4 - https:\/\/yoast.com\/product\/yoast-seo-wordpress\/ -->\n<title>Casa Ceccatelli - Crostino Toscano - From Farm to Shelf<\/title>\n<meta name=\"description\" content=\"Serving quality food items using free range and organic produce and best quality ingredients throughout Italy, creating handmade products using authentic family recipes and artisan traditions. Food made with passion, from farm to shelf.\" \/>\n<meta name=\"robots\" content=\"index, follow, max-snippet:-1, max-image-preview:large, max-video-preview:-1\" \/>\n<link rel=\"canonical\" href=\"https:\/\/www.casaceccatelli.com\/it\/shop\/dispensa\/crostino-toscano\/\" \/>\n<meta property=\"og:locale\" content=\"it_IT\" \/>\n<meta property=\"og:type\" content=\"article\" \/>\n<meta property=\"og:title\" content=\"Casa Ceccatelli - Crostino Toscano - From Farm to Shelf\" \/>\n<meta property=\"og:description\" content=\"Serving quality food items using free range and organic produce and best quality ingredients throughout Italy, creating handmade products using authentic family recipes and artisan traditions. Food made with passion, from farm to shelf.\" \/>\n<meta property=\"og:url\" content=\"https:\/\/www.casaceccatelli.com\/it\/shop\/dispensa\/crostino-toscano\/\" \/>\n<meta property=\"og:site_name\" content=\"Casa Ceccatelli\" \/>\n<meta property=\"article:modified_time\" content=\"2025-01-01T22:06:12+00:00\" \/>\n<meta property=\"og:image\" content=\"https:\/\/www.casaceccatelli.com\/wp-content\/uploads\/2021\/01\/casacecatelli_studio_03_2021-5.jpg\" \/>\n\t<meta property=\"og:image:width\" content=\"1000\" \/>\n\t<meta property=\"og:image:height\" content=\"1000\" \/>\n\t<meta property=\"og:image:type\" content=\"image\/jpeg\" \/>\n<meta name=\"twitter:card\" content=\"summary_large_image\" \/>\n<meta name=\"twitter:label1\" content=\"Tempo di lettura stimato\" \/>\n\t<meta name=\"twitter:data1\" content=\"1 minuto\" \/>\n<script type=\"application\/ld+json\" class=\"yoast-schema-graph\">{\"@context\":\"https:\\\/\\\/schema.org\",\"@graph\":[{\"@type\":\"WebPage\",\"@id\":\"https:\\\/\\\/www.casaceccatelli.com\\\/it\\\/shop\\\/dispensa\\\/crostino-toscano\\\/\",\"url\":\"https:\\\/\\\/www.casaceccatelli.com\\\/it\\\/shop\\\/dispensa\\\/crostino-toscano\\\/\",\"name\":\"Casa Ceccatelli - Crostino Toscano - From Farm to Shelf\",\"isPartOf\":{\"@id\":\"https:\\\/\\\/www.casaceccatelli.com\\\/#website\"},\"primaryImageOfPage\":{\"@id\":\"https:\\\/\\\/www.casaceccatelli.com\\\/it\\\/shop\\\/dispensa\\\/crostino-toscano\\\/#primaryimage\"},\"image\":{\"@id\":\"https:\\\/\\\/www.casaceccatelli.com\\\/it\\\/shop\\\/dispensa\\\/crostino-toscano\\\/#primaryimage\"},\"thumbnailUrl\":\"https:\\\/\\\/www.casaceccatelli.com\\\/wp-content\\\/uploads\\\/2021\\\/01\\\/casacecatelli_studio_03_2021-5.jpg\",\"datePublished\":\"2021-01-30T12:02:17+00:00\",\"dateModified\":\"2025-01-01T22:06:12+00:00\",\"description\":\"Serving quality food items using free range and organic produce and best quality ingredients throughout Italy, creating handmade products using authentic family recipes and artisan traditions. Food made with passion, from farm to shelf.\",\"breadcrumb\":{\"@id\":\"https:\\\/\\\/www.casaceccatelli.com\\\/it\\\/shop\\\/dispensa\\\/crostino-toscano\\\/#breadcrumb\"},\"inLanguage\":\"it-IT\",\"potentialAction\":[{\"@type\":\"ReadAction\",\"target\":[\"https:\\\/\\\/www.casaceccatelli.com\\\/it\\\/shop\\\/dispensa\\\/crostino-toscano\\\/\"]}]},{\"@type\":\"ImageObject\",\"inLanguage\":\"it-IT\",\"@id\":\"https:\\\/\\\/www.casaceccatelli.com\\\/it\\\/shop\\\/dispensa\\\/crostino-toscano\\\/#primaryimage\",\"url\":\"https:\\\/\\\/www.casaceccatelli.com\\\/wp-content\\\/uploads\\\/2021\\\/01\\\/casacecatelli_studio_03_2021-5.jpg\",\"contentUrl\":\"https:\\\/\\\/www.casaceccatelli.com\\\/wp-content\\\/uploads\\\/2021\\\/01\\\/casacecatelli_studio_03_2021-5.jpg\",\"width\":1000,\"height\":1000},{\"@type\":\"BreadcrumbList\",\"@id\":\"https:\\\/\\\/www.casaceccatelli.com\\\/it\\\/shop\\\/dispensa\\\/crostino-toscano\\\/#breadcrumb\",\"itemListElement\":[{\"@type\":\"ListItem\",\"position\":1,\"name\":\"Home\",\"item\":\"https:\\\/\\\/www.casaceccatelli.com\\\/it\\\/\"},{\"@type\":\"ListItem\",\"position\":2,\"name\":\"Shop.\",\"item\":\"https:\\\/\\\/www.casaceccatelli.com\\\/shop\\\/\"},{\"@type\":\"ListItem\",\"position\":3,\"name\":\"Crostino Toscano\"}]},{\"@type\":\"WebSite\",\"@id\":\"https:\\\/\\\/www.casaceccatelli.com\\\/#website\",\"url\":\"https:\\\/\\\/www.casaceccatelli.com\\\/\",\"name\":\"Casa Ceccatelli\",\"description\":\"Food made with passion, from farm to shelf.\",\"publisher\":{\"@id\":\"https:\\\/\\\/www.casaceccatelli.com\\\/#organization\"},\"potentialAction\":[{\"@type\":\"SearchAction\",\"target\":{\"@type\":\"EntryPoint\",\"urlTemplate\":\"https:\\\/\\\/www.casaceccatelli.com\\\/?s={search_term_string}\"},\"query-input\":{\"@type\":\"PropertyValueSpecification\",\"valueRequired\":true,\"valueName\":\"search_term_string\"}}],\"inLanguage\":\"it-IT\"},{\"@type\":\"Organization\",\"@id\":\"https:\\\/\\\/www.casaceccatelli.com\\\/#organization\",\"name\":\"Casa Ceccatelli\",\"url\":\"https:\\\/\\\/www.casaceccatelli.com\\\/\",\"logo\":{\"@type\":\"ImageObject\",\"inLanguage\":\"it-IT\",\"@id\":\"https:\\\/\\\/www.casaceccatelli.com\\\/#\\\/schema\\\/logo\\\/image\\\/\",\"url\":\"https:\\\/\\\/www.casaceccatelli.com\\\/wp-content\\\/uploads\\\/2020\\\/12\\\/Casa_Ceccatelli_logo.png\",\"contentUrl\":\"https:\\\/\\\/www.casaceccatelli.com\\\/wp-content\\\/uploads\\\/2020\\\/12\\\/Casa_Ceccatelli_logo.png\",\"width\":600,\"height\":490,\"caption\":\"Casa Ceccatelli\"},\"image\":{\"@id\":\"https:\\\/\\\/www.casaceccatelli.com\\\/#\\\/schema\\\/logo\\\/image\\\/\"}}]}<\/script>\n<!-- \/ Yoast SEO plugin. -->","yoast_head_json":{"title":"Casa Ceccatelli - Crostino Toscano - From Farm to Shelf","description":"Serving quality food items using free range and organic produce and best quality ingredients throughout Italy, creating handmade products using authentic family recipes and artisan traditions. Food made with passion, from farm to shelf.","robots":{"index":"index","follow":"follow","max-snippet":"max-snippet:-1","max-image-preview":"max-image-preview:large","max-video-preview":"max-video-preview:-1"},"canonical":"https:\/\/www.casaceccatelli.com\/it\/shop\/dispensa\/crostino-toscano\/","og_locale":"it_IT","og_type":"article","og_title":"Casa Ceccatelli - Crostino Toscano - From Farm to Shelf","og_description":"Serving quality food items using free range and organic produce and best quality ingredients throughout Italy, creating handmade products using authentic family recipes and artisan traditions. Food made with passion, from farm to shelf.","og_url":"https:\/\/www.casaceccatelli.com\/it\/shop\/dispensa\/crostino-toscano\/","og_site_name":"Casa Ceccatelli","article_modified_time":"2025-01-01T22:06:12+00:00","og_image":[{"width":1000,"height":1000,"url":"https:\/\/www.casaceccatelli.com\/wp-content\/uploads\/2021\/01\/casacecatelli_studio_03_2021-5.jpg","type":"image\/jpeg"}],"twitter_card":"summary_large_image","twitter_misc":{"Tempo di lettura stimato":"1 minuto"},"schema":{"@context":"https:\/\/schema.org","@graph":[{"@type":"WebPage","@id":"https:\/\/www.casaceccatelli.com\/it\/shop\/dispensa\/crostino-toscano\/","url":"https:\/\/www.casaceccatelli.com\/it\/shop\/dispensa\/crostino-toscano\/","name":"Casa Ceccatelli - Crostino Toscano - From Farm to Shelf","isPartOf":{"@id":"https:\/\/www.casaceccatelli.com\/#website"},"primaryImageOfPage":{"@id":"https:\/\/www.casaceccatelli.com\/it\/shop\/dispensa\/crostino-toscano\/#primaryimage"},"image":{"@id":"https:\/\/www.casaceccatelli.com\/it\/shop\/dispensa\/crostino-toscano\/#primaryimage"},"thumbnailUrl":"https:\/\/www.casaceccatelli.com\/wp-content\/uploads\/2021\/01\/casacecatelli_studio_03_2021-5.jpg","datePublished":"2021-01-30T12:02:17+00:00","dateModified":"2025-01-01T22:06:12+00:00","description":"Serving quality food items using free range and organic produce and best quality ingredients throughout Italy, creating handmade products using authentic family recipes and artisan traditions. Food made with passion, from farm to shelf.","breadcrumb":{"@id":"https:\/\/www.casaceccatelli.com\/it\/shop\/dispensa\/crostino-toscano\/#breadcrumb"},"inLanguage":"it-IT","potentialAction":[{"@type":"ReadAction","target":["https:\/\/www.casaceccatelli.com\/it\/shop\/dispensa\/crostino-toscano\/"]}]},{"@type":"ImageObject","inLanguage":"it-IT","@id":"https:\/\/www.casaceccatelli.com\/it\/shop\/dispensa\/crostino-toscano\/#primaryimage","url":"https:\/\/www.casaceccatelli.com\/wp-content\/uploads\/2021\/01\/casacecatelli_studio_03_2021-5.jpg","contentUrl":"https:\/\/www.casaceccatelli.com\/wp-content\/uploads\/2021\/01\/casacecatelli_studio_03_2021-5.jpg","width":1000,"height":1000},{"@type":"BreadcrumbList","@id":"https:\/\/www.casaceccatelli.com\/it\/shop\/dispensa\/crostino-toscano\/#breadcrumb","itemListElement":[{"@type":"ListItem","position":1,"name":"Home","item":"https:\/\/www.casaceccatelli.com\/it\/"},{"@type":"ListItem","position":2,"name":"Shop.","item":"https:\/\/www.casaceccatelli.com\/shop\/"},{"@type":"ListItem","position":3,"name":"Crostino Toscano"}]},{"@type":"WebSite","@id":"https:\/\/www.casaceccatelli.com\/#website","url":"https:\/\/www.casaceccatelli.com\/","name":"Casa Ceccatelli","description":"Food made with passion, from farm to shelf.","publisher":{"@id":"https:\/\/www.casaceccatelli.com\/#organization"},"potentialAction":[{"@type":"SearchAction","target":{"@type":"EntryPoint","urlTemplate":"https:\/\/www.casaceccatelli.com\/?s={search_term_string}"},"query-input":{"@type":"PropertyValueSpecification","valueRequired":true,"valueName":"search_term_string"}}],"inLanguage":"it-IT"},{"@type":"Organization","@id":"https:\/\/www.casaceccatelli.com\/#organization","name":"Casa Ceccatelli","url":"https:\/\/www.casaceccatelli.com\/","logo":{"@type":"ImageObject","inLanguage":"it-IT","@id":"https:\/\/www.casaceccatelli.com\/#\/schema\/logo\/image\/","url":"https:\/\/www.casaceccatelli.com\/wp-content\/uploads\/2020\/12\/Casa_Ceccatelli_logo.png","contentUrl":"https:\/\/www.casaceccatelli.com\/wp-content\/uploads\/2020\/12\/Casa_Ceccatelli_logo.png","width":600,"height":490,"caption":"Casa Ceccatelli"},"image":{"@id":"https:\/\/www.casaceccatelli.com\/#\/schema\/logo\/image\/"}}]}},"_links":{"self":[{"href":"https:\/\/www.casaceccatelli.com\/it\/wp-json\/wp\/v2\/product\/730","targetHints":{"allow":["GET"]}}],"collection":[{"href":"https:\/\/www.casaceccatelli.com\/it\/wp-json\/wp\/v2\/product"}],"about":[{"href":"https:\/\/www.casaceccatelli.com\/it\/wp-json\/wp\/v2\/types\/product"}],"wp:featuredmedia":[{"embeddable":true,"href":"https:\/\/www.casaceccatelli.com\/it\/wp-json\/wp\/v2\/media\/1354"}],"wp:attachment":[{"href":"https:\/\/www.casaceccatelli.com\/it\/wp-json\/wp\/v2\/media?parent=730"}],"wp:term":[{"taxonomy":"product_brand","embeddable":true,"href":"https:\/\/www.casaceccatelli.com\/it\/wp-json\/wp\/v2\/product_brand?post=730"},{"taxonomy":"product_cat","embeddable":true,"href":"https:\/\/www.casaceccatelli.com\/it\/wp-json\/wp\/v2\/product_cat?post=730"},{"taxonomy":"product_tag","embeddable":true,"href":"https:\/\/www.casaceccatelli.com\/it\/wp-json\/wp\/v2\/product_tag?post=730"}],"curies":[{"name":"wp","href":"https:\/\/api.w.org\/{rel}","templated":true}]}}